{"id":4177,"date":"2011-05-18T14:30:01","date_gmt":"2011-05-18T14:30:01","guid":{"rendered":"http:\/\/wp.compound.ait.sk\/?page_id=15"},"modified":"2022-06-07T13:30:46","modified_gmt":"2022-06-07T13:30:46","slug":"contact","status":"publish","type":"page","link":"https:\/\/www.jogoremoto.pt\/site\/contact\/","title":{"rendered":"Contactos"},"content":{"rendered":"\n<h2 id=\"observatorio-do-jogo-responsavel\"><strong>Observat\u00f3rio do Jogo Respons\u00e1vel<\/strong><\/h2>\n\n\n\n<div style=\"height:20px\" aria-hidden=\"true\" class=\"wp-block-spacer\"><\/div>\n\n\n\n<p>Tm: +351 912 933 974<\/p>\n\n\n\n<p>Tel: +351 211 332 775<\/p>\n\n\n\n<p>Email: geral@jogoresponsavel.pt<\/p>\n\n\n\n<div style=\"height:50px\" aria-hidden=\"true\" class=\"wp-block-spacer\"><\/div>\n\n\n<h3><strong>Formul\u00e1rio de Contacto<\/strong><\/h3>\n<div role=\"form\" class=\"wpcf7\" id=\"wpcf7-f7713-o1\" dir=\"ltr\">\n<div class=\"screen-reader-response\"><p role=\"status\" aria-live=\"polite\" aria-atomic=\"true\"><\/p> <ul><\/ul><\/div>\n<form action=\"\/site\/wp-json\/wp\/v2\/pages\/4177#wpcf7-f7713-o1\" method=\"post\" class=\"wpcf7-form init\" novalidate=\"novalidate\" data-status=\"init\">\n<div style=\"display: none;\">\n<input type=\"hidden\" name=\"_wpcf7\" value=\"7713\" \/>\n<input type=\"hidden\" name=\"_wpcf7_version\" value=\"5.5.5\" \/>\n<input type=\"hidden\" name=\"_wpcf7_locale\" value=\"\" \/>\n<input type=\"hidden\" name=\"_wpcf7_unit_tag\" value=\"wpcf7-f7713-o1\" \/>\n<input type=\"hidden\" name=\"_wpcf7_container_post\" value=\"0\" \/>\n<input type=\"hidden\" name=\"_wpcf7_posted_data_hash\" value=\"\" \/>\n<\/div>\n<p>\n<label for=\"your-name\">Name <span class=\"required\">*<\/span><\/label><span class=\"wpcf7-form-control-wrap your-name\"><input type=\"text\" name=\"your-name\" value=\"\" size=\"40\" class=\"wpcf7-form-control wpcf7-text wpcf7-validates-as-required\" aria-required=\"true\" aria-invalid=\"false\" \/><\/span>\n<\/p>\n<p>\n<label for=\"your-email\">Email <span class=\"required\">*<\/span><\/label><span class=\"wpcf7-form-control-wrap your-email\"><input type=\"email\" name=\"your-email\" value=\"\" size=\"40\" class=\"wpcf7-form-control wpcf7-text wpcf7-email wpcf7-validates-as-required wpcf7-validates-as-email\" aria-required=\"true\" aria-invalid=\"false\" \/><\/span>\n<\/p>\n<p>\n<label for=\"your-subject\">Subject<\/label><span class=\"wpcf7-form-control-wrap your-subject\"><input type=\"text\" name=\"your-subject\" value=\"\" size=\"40\" class=\"wpcf7-form-control wpcf7-text\" aria-invalid=\"false\" \/><\/span>\n<\/p>\n<p>\n<label for=\"your-message\">Message<\/label><span class=\"wpcf7-form-control-wrap your-message\"><textarea name=\"your-message\" cols=\"40\" rows=\"10\" class=\"wpcf7-form-control wpcf7-textarea\" aria-invalid=\"false\"><\/textarea><\/span>\n<\/p>\n<p class=\"selectbox\">\n<label for=\" slect-os\">Your OS<\/label><span class=\"wpcf7-form-control-wrap slect-os\"><select name=\"slect-os\" class=\"wpcf7-form-control wpcf7-select\" aria-invalid=\"false\"><option value=\"\"><\/option><option value=\"Windows XP\">Windows XP<\/option><option value=\"Windows 7\">Windows 7<\/option><option value=\"Apple\">Apple<\/option><option value=\"Linux\">Linux<\/option><\/select><\/span>\n<\/p>\n<p>\n<span class=\"wpcf7-form-control-wrap agreement\"><span class=\"wpcf7-form-control wpcf7-checkbox wpcf7-validates-as-required wpcf7-exclusive-checkbox\"><span class=\"wpcf7-list-item first last\"><label><input type=\"checkbox\" name=\"agreement\" value=\"I agree with the terms of use of this Contact Form\" \/><span class=\"wpcf7-list-item-label\">I agree with the terms of use of this Contact Form<\/span><\/label><\/span><\/span><\/span>\n<\/p>\n<p>\n<input type=\"submit\" value=\"Send Message\" class=\"wpcf7-form-control has-spinner wpcf7-submit\" \/><\/p>\n<p style=\"display: none !important;\"><label>&#916;<textarea name=\"_wpcf7_ak_hp_textarea\" cols=\"45\" rows=\"8\" maxlength=\"100\"><\/textarea><\/label><input type=\"hidden\" id=\"ak_js_1\" name=\"_wpcf7_ak_js\" value=\"228\"\/><script>document.getElementById( \"ak_js_1\" ).setAttribute( \"value\", ( new Date() ).getTime() );<\/script><\/p><div class=\"wpcf7-response-output\" aria-hidden=\"true\"><\/div><\/form><\/div>\n<p><span style=\"color: #000000;\">&nbsp;<\/span><\/p>\n\n\n<p class=\"has-text-align-right\">  <div class=\"rule\"><span class=\"top\">top<\/span><\/div>  <\/p>\n","protected":false},"excerpt":{"rendered":"<p>Observat\u00f3rio do Jogo Respons\u00e1vel Tm: +351 912 933 974 Tel: +351 211 332 775 Email: geral@jogoresponsavel.pt Formul\u00e1rio de Contacto &nbsp;<\/p>\n","protected":false},"author":1,"featured_media":0,"parent":0,"menu_order":50,"comment_status":"open","ping_status":"closed","template":"page-fullwidth.php","meta":[],"_links":{"self":[{"href":"https:\/\/www.jogoremoto.pt\/site\/wp-json\/wp\/v2\/pages\/4177"}],"collection":[{"href":"https:\/\/www.jogoremoto.pt\/site\/wp-json\/wp\/v2\/pages"}],"about":[{"href":"https:\/\/www.jogoremoto.pt\/site\/wp-json\/wp\/v2\/types\/page"}],"author":[{"embeddable":true,"href":"https:\/\/www.jogoremoto.pt\/site\/wp-json\/wp\/v2\/users\/1"}],"replies":[{"embeddable":true,"href":"https:\/\/www.jogoremoto.pt\/site\/wp-json\/wp\/v2\/comments?post=4177"}],"version-history":[{"count":12,"href":"https:\/\/www.jogoremoto.pt\/site\/wp-json\/wp\/v2\/pages\/4177\/revisions"}],"predecessor-version":[{"id":24243,"href":"https:\/\/www.jogoremoto.pt\/site\/wp-json\/wp\/v2\/pages\/4177\/revisions\/24243"}],"wp:attachment":[{"href":"https:\/\/www.jogoremoto.pt\/site\/wp-json\/wp\/v2\/media?parent=4177"}],"curies":[{"name":"wp","href":"https:\/\/api.w.org\/{rel}","templated":true}]}}