{"id":27108,"date":"2023-03-27T07:41:42","date_gmt":"2023-03-27T07:41:42","guid":{"rendered":"https:\/\/www.jogoremoto.pt\/site\/?page_id=27108"},"modified":"2023-03-27T07:41:42","modified_gmt":"2023-03-27T07:41:42","slug":"suica-legislacao-e-regulacao","status":"publish","type":"page","link":"https:\/\/www.jogoremoto.pt\/site\/suica-legislacao-e-regulacao\/","title":{"rendered":"Sui\u00e7a &#8211; Legisla\u00e7\u00e3o e Regula\u00e7\u00e3o"},"content":{"rendered":"","protected":true},"excerpt":{"rendered":"","protected":true},"author":1,"featured_media":0,"parent":0,"menu_order":0,"comment_status":"closed","ping_status":"closed","template":"","meta":[],"_links":{"self":[{"href":"https:\/\/www.jogoremoto.pt\/site\/wp-json\/wp\/v2\/pages\/27108"}],"collection":[{"href":"https:\/\/www.jogoremoto.pt\/site\/wp-json\/wp\/v2\/pages"}],"about":[{"href":"https:\/\/www.jogoremoto.pt\/site\/wp-json\/wp\/v2\/types\/page"}],"author":[{"embeddable":true,"href":"https:\/\/www.jogoremoto.pt\/site\/wp-json\/wp\/v2\/users\/1"}],"replies":[{"embeddable":true,"href":"https:\/\/www.jogoremoto.pt\/site\/wp-json\/wp\/v2\/comments?post=27108"}],"version-history":[{"count":1,"href":"https:\/\/www.jogoremoto.pt\/site\/wp-json\/wp\/v2\/pages\/27108\/revisions"}],"predecessor-version":[{"id":27112,"href":"https:\/\/www.jogoremoto.pt\/site\/wp-json\/wp\/v2\/pages\/27108\/revisions\/27112"}],"wp:attachment":[{"href":"https:\/\/www.jogoremoto.pt\/site\/wp-json\/wp\/v2\/media?parent=27108"}],"curies":[{"name":"wp","href":"https:\/\/api.w.org\/{rel}","templated":true}]}}