{"id":27025,"date":"2023-03-26T10:21:34","date_gmt":"2023-03-26T10:21:34","guid":{"rendered":"https:\/\/www.jogoremoto.pt\/site\/?page_id=27025"},"modified":"2023-03-26T10:21:35","modified_gmt":"2023-03-26T10:21:35","slug":"dinamarca-manipulacao-de-resultados-desportivos","status":"publish","type":"page","link":"https:\/\/www.jogoremoto.pt\/site\/dinamarca-manipulacao-de-resultados-desportivos\/","title":{"rendered":"Dinamarca &#8211; Manipula\u00e7\u00e3o de Resultados Desportivos"},"content":{"rendered":"\n<p><img loading=\"lazy\" width=\"1024\" height=\"102\" class=\"wp-image-27026\" style=\"width: 512px;\" src=\"https:\/\/www.jogoremoto.pt\/site\/wp-content\/uploads\/2023\/03\/DINAMARCA-SAIBA-MAIS-SOBRE-MANIPULACAO-DE-RESULTADOS-DESPORTIVOS.jpg\" alt=\"\" srcset=\"https:\/\/www.jogoremoto.pt\/site\/wp-content\/uploads\/2023\/03\/DINAMARCA-SAIBA-MAIS-SOBRE-MANIPULACAO-DE-RESULTADOS-DESPORTIVOS.jpg 1024w, https:\/\/www.jogoremoto.pt\/site\/wp-content\/uploads\/2023\/03\/DINAMARCA-SAIBA-MAIS-SOBRE-MANIPULACAO-DE-RESULTADOS-DESPORTIVOS-768x76.jpg 768w\" sizes=\"(max-width: 1024px) 100vw, 1024px\" \/><\/p>\n\n\n\n<h5 id=\"a-evolucao-do-jogo-na-europa\"><strong>A EVOLU\u00c7\u00c3O DO JOGO NA EUROPA<\/strong><\/h5>\n\n\n\n<p>Consulte as nossas p\u00e1ginas sobre o tema:<\/p>\n\n\n\n<p><a href=\"https:\/\/www.responsiblegambling.eu\/informacao-relevante\/portugal-regulador-servico-de-regulacao-e-inspecao-de-jogos\/\"><img loading=\"lazy\" width=\"350\" height=\"60\" class=\"wp-image-25795\" style=\"width: 100px;\" src=\"https:\/\/www.jogoremoto.pt\/site\/wp-content\/uploads\/2023\/01\/REGULADORES-PORTUGAL.jpg\" alt=\"\" srcset=\"https:\/\/www.jogoremoto.pt\/site\/wp-content\/uploads\/2023\/01\/REGULADORES-PORTUGAL.jpg 350w, https:\/\/www.jogoremoto.pt\/site\/wp-content\/uploads\/2023\/01\/REGULADORES-PORTUGAL-768x131.jpg 768w\" sizes=\"(max-width: 350px) 100vw, 350px\" \/><\/a>  <a href=\"https:\/\/www.responsiblegambling.eu\/informacao-relevante\/espanha-regulador-direccion-general-de-ordenacion-del-juego\/\"><img loading=\"lazy\" width=\"350\" height=\"60\" class=\"wp-image-25797\" style=\"width: 100px;\" src=\"https:\/\/www.jogoremoto.pt\/site\/wp-content\/uploads\/2023\/01\/REGULADORES-ESPANHA.jpg\" alt=\"\" srcset=\"https:\/\/www.jogoremoto.pt\/site\/wp-content\/uploads\/2023\/01\/REGULADORES-ESPANHA.jpg 350w, https:\/\/www.jogoremoto.pt\/site\/wp-content\/uploads\/2023\/01\/REGULADORES-ESPANHA-768x131.jpg 768w\" sizes=\"(max-width: 350px) 100vw, 350px\" \/><\/a>  <a href=\"https:\/\/www.responsiblegambling.eu\/informacao-relevante\/regulador-franca-autorite-nationale-des-jeux\/\"><img loading=\"lazy\" width=\"350\" height=\"60\" class=\"wp-image-25798\" style=\"width: 100px;\" src=\"https:\/\/www.jogoremoto.pt\/site\/wp-content\/uploads\/2023\/01\/REGULADORES-FRANCA.jpg\" alt=\"\" srcset=\"https:\/\/www.jogoremoto.pt\/site\/wp-content\/uploads\/2023\/01\/REGULADORES-FRANCA.jpg 350w, https:\/\/www.jogoremoto.pt\/site\/wp-content\/uploads\/2023\/01\/REGULADORES-FRANCA-768x131.jpg 768w\" sizes=\"(max-width: 350px) 100vw, 350px\" \/><\/a>  <a href=\"https:\/\/www.responsiblegambling.eu\/informacao-relevante\/alemanha-regulador-gemeinsame-glucksspielbehorde-der-lander\/\"><img loading=\"lazy\" width=\"350\" height=\"60\" class=\"wp-image-25809\" style=\"width: 100px;\" src=\"https:\/\/www.jogoremoto.pt\/site\/wp-content\/uploads\/2023\/01\/REGULADORES-ALEMANHA.jpg\" alt=\"\" srcset=\"https:\/\/www.jogoremoto.pt\/site\/wp-content\/uploads\/2023\/01\/REGULADORES-ALEMANHA.jpg 350w, https:\/\/www.jogoremoto.pt\/site\/wp-content\/uploads\/2023\/01\/REGULADORES-ALEMANHA-768x131.jpg 768w\" sizes=\"(max-width: 350px) 100vw, 350px\" \/><\/a>  <a href=\"https:\/\/www.responsiblegambling.eu\/informacao-relevante\/reino-unido-regulador-gambling-commission\/\"><img loading=\"lazy\" width=\"350\" height=\"60\" class=\"wp-image-25799\" style=\"width: 100px;\" src=\"https:\/\/www.jogoremoto.pt\/site\/wp-content\/uploads\/2023\/01\/REGULADORES-REINO-UNIDO.jpg\" alt=\"\" srcset=\"https:\/\/www.jogoremoto.pt\/site\/wp-content\/uploads\/2023\/01\/REGULADORES-REINO-UNIDO.jpg 350w, https:\/\/www.jogoremoto.pt\/site\/wp-content\/uploads\/2023\/01\/REGULADORES-REINO-UNIDO-768x131.jpg 768w\" sizes=\"(max-width: 350px) 100vw, 350px\" \/><\/a>  <a href=\"https:\/\/www.responsiblegambling.eu\/informacao-relevante\/italia-regulador-agenzia-delle-dogane-e-dei-monopoli\/\"><img loading=\"lazy\" width=\"350\" height=\"60\" class=\"wp-image-25800\" style=\"width: 100px;\" src=\"https:\/\/www.jogoremoto.pt\/site\/wp-content\/uploads\/2023\/01\/REGULADORES-ITALIA.jpg\" alt=\"\" srcset=\"https:\/\/www.jogoremoto.pt\/site\/wp-content\/uploads\/2023\/01\/REGULADORES-ITALIA.jpg 350w, https:\/\/www.jogoremoto.pt\/site\/wp-content\/uploads\/2023\/01\/REGULADORES-ITALIA-768x131.jpg 768w\" sizes=\"(max-width: 350px) 100vw, 350px\" \/><\/a>  <a href=\"https:\/\/www.responsiblegambling.eu\/informacao-relevante\/belgica-regulador-commission-des-jeux-de-hasard\/\"><img loading=\"lazy\" width=\"350\" height=\"60\" class=\"wp-image-25801\" style=\"width: 100px;\" src=\"https:\/\/www.jogoremoto.pt\/site\/wp-content\/uploads\/2023\/01\/REGULADORES-BELGICA.jpg\" alt=\"\" srcset=\"https:\/\/www.jogoremoto.pt\/site\/wp-content\/uploads\/2023\/01\/REGULADORES-BELGICA.jpg 350w, https:\/\/www.jogoremoto.pt\/site\/wp-content\/uploads\/2023\/01\/REGULADORES-BELGICA-768x131.jpg 768w\" sizes=\"(max-width: 350px) 100vw, 350px\" \/><\/a> <a href=\"https:\/\/www.responsiblegambling.eu\/informacao-relevante\/paises-baixos-regulador-kansspelautoriteit\/\"><img loading=\"lazy\" width=\"350\" height=\"60\" class=\"wp-image-25802\" style=\"width: 100px;\" src=\"https:\/\/www.jogoremoto.pt\/site\/wp-content\/uploads\/2023\/01\/REGULADORES-PAISES-BAIXOS.jpg\" alt=\"\" srcset=\"https:\/\/www.jogoremoto.pt\/site\/wp-content\/uploads\/2023\/01\/REGULADORES-PAISES-BAIXOS.jpg 350w, https:\/\/www.jogoremoto.pt\/site\/wp-content\/uploads\/2023\/01\/REGULADORES-PAISES-BAIXOS-768x131.jpg 768w\" sizes=\"(max-width: 350px) 100vw, 350px\" \/><\/a>  <a href=\"https:\/\/www.responsiblegambling.eu\/informacao-relevante\/dinamarca-regulador-spillemyndigheden\/\"><img loading=\"lazy\" width=\"350\" height=\"60\" class=\"wp-image-25803\" style=\"width: 100px;\" src=\"https:\/\/www.jogoremoto.pt\/site\/wp-content\/uploads\/2023\/01\/REGULADORES-DINAMARCA.jpg\" alt=\"\" srcset=\"https:\/\/www.jogoremoto.pt\/site\/wp-content\/uploads\/2023\/01\/REGULADORES-DINAMARCA.jpg 350w, https:\/\/www.jogoremoto.pt\/site\/wp-content\/uploads\/2023\/01\/REGULADORES-DINAMARCA-768x131.jpg 768w\" sizes=\"(max-width: 350px) 100vw, 350px\" \/><\/a>  <a href=\"https:\/\/www.responsiblegambling.eu\/informacao-relevante\/suecia-regulador-spelinspektionen\/\"><img loading=\"lazy\" width=\"350\" height=\"60\" class=\"wp-image-25804\" style=\"width: 100px;\" src=\"https:\/\/www.jogoremoto.pt\/site\/wp-content\/uploads\/2023\/01\/REGULADORES-SUECIA.jpg\" alt=\"\" srcset=\"https:\/\/www.jogoremoto.pt\/site\/wp-content\/uploads\/2023\/01\/REGULADORES-SUECIA.jpg 350w, https:\/\/www.jogoremoto.pt\/site\/wp-content\/uploads\/2023\/01\/REGULADORES-SUECIA-768x131.jpg 768w\" sizes=\"(max-width: 350px) 100vw, 350px\" \/><\/a>  <a href=\"https:\/\/www.responsiblegambling.eu\/informacao-relevante\/grecia-regulador-hellenic-gaming-commission\/\"><img loading=\"lazy\" width=\"350\" height=\"60\" class=\"wp-image-25805\" style=\"width: 100px;\" src=\"https:\/\/www.jogoremoto.pt\/site\/wp-content\/uploads\/2023\/01\/REGULADORES-GRECIA.jpg\" alt=\"\" srcset=\"https:\/\/www.jogoremoto.pt\/site\/wp-content\/uploads\/2023\/01\/REGULADORES-GRECIA.jpg 350w, https:\/\/www.jogoremoto.pt\/site\/wp-content\/uploads\/2023\/01\/REGULADORES-GRECIA-768x131.jpg 768w\" sizes=\"(max-width: 350px) 100vw, 350px\" \/><\/a>  <a href=\"https:\/\/www.responsiblegambling.eu\/informacao-relevante\/malta-regulador-malta-gaming-authority\/\"><img loading=\"lazy\" width=\"350\" height=\"60\" class=\"wp-image-25806\" style=\"width: 100px;\" src=\"https:\/\/www.jogoremoto.pt\/site\/wp-content\/uploads\/2023\/01\/REGULADORES-MALTA.jpg\" alt=\"\" srcset=\"https:\/\/www.jogoremoto.pt\/site\/wp-content\/uploads\/2023\/01\/REGULADORES-MALTA.jpg 350w, https:\/\/www.jogoremoto.pt\/site\/wp-content\/uploads\/2023\/01\/REGULADORES-MALTA-768x131.jpg 768w\" sizes=\"(max-width: 350px) 100vw, 350px\" \/><\/a>  <a href=\"https:\/\/www.responsiblegambling.eu\/informacao-relevante\/gibraltar-regulador-hm-government-of-gibraltar\/\"><img loading=\"lazy\" width=\"350\" height=\"60\" class=\"wp-image-25807\" style=\"width: 100px;\" src=\"https:\/\/www.jogoremoto.pt\/site\/wp-content\/uploads\/2023\/01\/REGULADORES-GIBRALTAR.jpg\" alt=\"\" srcset=\"https:\/\/www.jogoremoto.pt\/site\/wp-content\/uploads\/2023\/01\/REGULADORES-GIBRALTAR.jpg 350w, https:\/\/www.jogoremoto.pt\/site\/wp-content\/uploads\/2023\/01\/REGULADORES-GIBRALTAR-768x131.jpg 768w\" sizes=\"(max-width: 350px) 100vw, 350px\" \/><\/a>  <a href=\"https:\/\/www.responsiblegambling.eu\/informacao-relevante\/suica-regulador-swiss-gambling-supervisory\/\"><img loading=\"lazy\" width=\"350\" height=\"60\" class=\"wp-image-25808\" style=\"width: 100px;\" src=\"https:\/\/www.jogoremoto.pt\/site\/wp-content\/uploads\/2023\/01\/REGULADORES-SUICA.jpg\" alt=\"\" srcset=\"https:\/\/www.jogoremoto.pt\/site\/wp-content\/uploads\/2023\/01\/REGULADORES-SUICA.jpg 350w, https:\/\/www.jogoremoto.pt\/site\/wp-content\/uploads\/2023\/01\/REGULADORES-SUICA-768x131.jpg 768w\" sizes=\"(max-width: 350px) 100vw, 350px\" \/><\/a><\/p>\n\n\n\n<h4 class=\"has-text-align-center\" id=\"visite\"><strong>Visite<\/strong><\/h4>\n\n\n\n<div class=\"wp-block-image is-style-default\"><figure class=\"aligncenter size-full\"><a href=\"https:\/\/www.jogoremoto.pt\/\"><img loading=\"lazy\" width=\"180\" height=\"180\" src=\"https:\/\/www.jogoremoto.pt\/site\/wp-content\/uploads\/2023\/01\/VISITE-1.jpg\" alt=\"\" class=\"wp-image-24806\" srcset=\"https:\/\/www.jogoremoto.pt\/site\/wp-content\/uploads\/2023\/01\/VISITE-1.jpg 180w, https:\/\/www.jogoremoto.pt\/site\/wp-content\/uploads\/2023\/01\/VISITE-1-300x300.jpg 300w, https:\/\/www.jogoremoto.pt\/site\/wp-content\/uploads\/2023\/01\/VISITE-1-1024x1024.jpg 1024w, https:\/\/www.jogoremoto.pt\/site\/wp-content\/uploads\/2023\/01\/VISITE-1-150x150.jpg 150w, https:\/\/www.jogoremoto.pt\/site\/wp-content\/uploads\/2023\/01\/VISITE-1-768x768.jpg 768w, https:\/\/www.jogoremoto.pt\/site\/wp-content\/uploads\/2023\/01\/VISITE-1-1536x1536.jpg 1536w, https:\/\/www.jogoremoto.pt\/site\/wp-content\/uploads\/2023\/01\/VISITE-1-2048x2048.jpg 2048w\" sizes=\"(max-width: 180px) 100vw, 180px\" \/><\/a><\/figure><\/div>\n\n\n\n<p class=\"has-text-align-right\"><div class=\"rule\"><span class=\"top\">top<\/span><\/div><\/p>\n","protected":false},"excerpt":{"rendered":"<p>A EVOLU\u00c7\u00c3O DO JOGO NA EUROPA Consulte as nossas p\u00e1ginas sobre o tema: Visite<\/p>\n","protected":false},"author":1,"featured_media":0,"parent":0,"menu_order":0,"comment_status":"closed","ping_status":"closed","template":"","meta":[],"_links":{"self":[{"href":"https:\/\/www.jogoremoto.pt\/site\/wp-json\/wp\/v2\/pages\/27025"}],"collection":[{"href":"https:\/\/www.jogoremoto.pt\/site\/wp-json\/wp\/v2\/pages"}],"about":[{"href":"https:\/\/www.jogoremoto.pt\/site\/wp-json\/wp\/v2\/types\/page"}],"author":[{"embeddable":true,"href":"https:\/\/www.jogoremoto.pt\/site\/wp-json\/wp\/v2\/users\/1"}],"replies":[{"embeddable":true,"href":"https:\/\/www.jogoremoto.pt\/site\/wp-json\/wp\/v2\/comments?post=27025"}],"version-history":[{"count":1,"href":"https:\/\/www.jogoremoto.pt\/site\/wp-json\/wp\/v2\/pages\/27025\/revisions"}],"predecessor-version":[{"id":27029,"href":"https:\/\/www.jogoremoto.pt\/site\/wp-json\/wp\/v2\/pages\/27025\/revisions\/27029"}],"wp:attachment":[{"href":"https:\/\/www.jogoremoto.pt\/site\/wp-json\/wp\/v2\/media?parent=27025"}],"curies":[{"name":"wp","href":"https:\/\/api.w.org\/{rel}","templated":true}]}}