{"id":26988,"date":"2023-03-22T13:06:32","date_gmt":"2023-03-22T13:06:32","guid":{"rendered":"https:\/\/www.jogoremoto.pt\/site\/?page_id=26988"},"modified":"2023-03-22T13:06:33","modified_gmt":"2023-03-22T13:06:33","slug":"paises-baixos-manipulacao-de-resultados-desportivos","status":"publish","type":"page","link":"https:\/\/www.jogoremoto.pt\/site\/paises-baixos-manipulacao-de-resultados-desportivos\/","title":{"rendered":"Pa\u00edses Baixos &#8211; Manipula\u00e7\u00e3o de Resultados Desportivos"},"content":{"rendered":"","protected":true},"excerpt":{"rendered":"","protected":true},"author":1,"featured_media":0,"parent":0,"menu_order":0,"comment_status":"closed","ping_status":"closed","template":"","meta":[],"_links":{"self":[{"href":"https:\/\/www.jogoremoto.pt\/site\/wp-json\/wp\/v2\/pages\/26988"}],"collection":[{"href":"https:\/\/www.jogoremoto.pt\/site\/wp-json\/wp\/v2\/pages"}],"about":[{"href":"https:\/\/www.jogoremoto.pt\/site\/wp-json\/wp\/v2\/types\/page"}],"author":[{"embeddable":true,"href":"https:\/\/www.jogoremoto.pt\/site\/wp-json\/wp\/v2\/users\/1"}],"replies":[{"embeddable":true,"href":"https:\/\/www.jogoremoto.pt\/site\/wp-json\/wp\/v2\/comments?post=26988"}],"version-history":[{"count":1,"href":"https:\/\/www.jogoremoto.pt\/site\/wp-json\/wp\/v2\/pages\/26988\/revisions"}],"predecessor-version":[{"id":26992,"href":"https:\/\/www.jogoremoto.pt\/site\/wp-json\/wp\/v2\/pages\/26988\/revisions\/26992"}],"wp:attachment":[{"href":"https:\/\/www.jogoremoto.pt\/site\/wp-json\/wp\/v2\/media?parent=26988"}],"curies":[{"name":"wp","href":"https:\/\/api.w.org\/{rel}","templated":true}]}}