{"id":26962,"date":"2023-03-22T10:36:26","date_gmt":"2023-03-22T10:36:26","guid":{"rendered":"https:\/\/www.jogoremoto.pt\/site\/?page_id=26962"},"modified":"2023-03-22T10:36:27","modified_gmt":"2023-03-22T10:36:27","slug":"paises-baixos-legislacao-e-regulacao","status":"publish","type":"page","link":"https:\/\/www.jogoremoto.pt\/site\/paises-baixos-legislacao-e-regulacao\/","title":{"rendered":"Pa\u00edses Baixos &#8211; Legisla\u00e7\u00e3o e Regula\u00e7\u00e3o"},"content":{"rendered":"","protected":true},"excerpt":{"rendered":"","protected":true},"author":1,"featured_media":0,"parent":0,"menu_order":0,"comment_status":"closed","ping_status":"closed","template":"","meta":[],"_links":{"self":[{"href":"https:\/\/www.jogoremoto.pt\/site\/wp-json\/wp\/v2\/pages\/26962"}],"collection":[{"href":"https:\/\/www.jogoremoto.pt\/site\/wp-json\/wp\/v2\/pages"}],"about":[{"href":"https:\/\/www.jogoremoto.pt\/site\/wp-json\/wp\/v2\/types\/page"}],"author":[{"embeddable":true,"href":"https:\/\/www.jogoremoto.pt\/site\/wp-json\/wp\/v2\/users\/1"}],"replies":[{"embeddable":true,"href":"https:\/\/www.jogoremoto.pt\/site\/wp-json\/wp\/v2\/comments?post=26962"}],"version-history":[{"count":1,"href":"https:\/\/www.jogoremoto.pt\/site\/wp-json\/wp\/v2\/pages\/26962\/revisions"}],"predecessor-version":[{"id":26966,"href":"https:\/\/www.jogoremoto.pt\/site\/wp-json\/wp\/v2\/pages\/26962\/revisions\/26966"}],"wp:attachment":[{"href":"https:\/\/www.jogoremoto.pt\/site\/wp-json\/wp\/v2\/media?parent=26962"}],"curies":[{"name":"wp","href":"https:\/\/api.w.org\/{rel}","templated":true}]}}