{"id":26952,"date":"2023-03-22T09:36:55","date_gmt":"2023-03-22T09:36:55","guid":{"rendered":"https:\/\/www.jogoremoto.pt\/site\/?page_id=26952"},"modified":"2023-03-22T09:36:56","modified_gmt":"2023-03-22T09:36:56","slug":"belgica-manipulacao-de-resultados-desportivos","status":"publish","type":"page","link":"https:\/\/www.jogoremoto.pt\/site\/belgica-manipulacao-de-resultados-desportivos\/","title":{"rendered":"B\u00e9lgica &#8211; Manipula\u00e7\u00e3o de Resultados Desportivos"},"content":{"rendered":"","protected":true},"excerpt":{"rendered":"","protected":true},"author":1,"featured_media":0,"parent":0,"menu_order":0,"comment_status":"closed","ping_status":"closed","template":"","meta":[],"_links":{"self":[{"href":"https:\/\/www.jogoremoto.pt\/site\/wp-json\/wp\/v2\/pages\/26952"}],"collection":[{"href":"https:\/\/www.jogoremoto.pt\/site\/wp-json\/wp\/v2\/pages"}],"about":[{"href":"https:\/\/www.jogoremoto.pt\/site\/wp-json\/wp\/v2\/types\/page"}],"author":[{"embeddable":true,"href":"https:\/\/www.jogoremoto.pt\/site\/wp-json\/wp\/v2\/users\/1"}],"replies":[{"embeddable":true,"href":"https:\/\/www.jogoremoto.pt\/site\/wp-json\/wp\/v2\/comments?post=26952"}],"version-history":[{"count":1,"href":"https:\/\/www.jogoremoto.pt\/site\/wp-json\/wp\/v2\/pages\/26952\/revisions"}],"predecessor-version":[{"id":26956,"href":"https:\/\/www.jogoremoto.pt\/site\/wp-json\/wp\/v2\/pages\/26952\/revisions\/26956"}],"wp:attachment":[{"href":"https:\/\/www.jogoremoto.pt\/site\/wp-json\/wp\/v2\/media?parent=26952"}],"curies":[{"name":"wp","href":"https:\/\/api.w.org\/{rel}","templated":true}]}}