{"id":26837,"date":"2023-03-20T07:02:35","date_gmt":"2023-03-20T07:02:35","guid":{"rendered":"https:\/\/www.jogoremoto.pt\/site\/?page_id=26837"},"modified":"2023-03-21T03:15:53","modified_gmt":"2023-03-21T03:15:53","slug":"franca-manipulacao-de-resultados-desportivos","status":"publish","type":"page","link":"https:\/\/www.jogoremoto.pt\/site\/franca-manipulacao-de-resultados-desportivos\/","title":{"rendered":"Fran\u00e7a &#8211; Manipula\u00e7\u00e3o de Resultados Desportivos"},"content":{"rendered":"","protected":true},"excerpt":{"rendered":"","protected":true},"author":1,"featured_media":0,"parent":0,"menu_order":0,"comment_status":"closed","ping_status":"closed","template":"","meta":[],"_links":{"self":[{"href":"https:\/\/www.jogoremoto.pt\/site\/wp-json\/wp\/v2\/pages\/26837"}],"collection":[{"href":"https:\/\/www.jogoremoto.pt\/site\/wp-json\/wp\/v2\/pages"}],"about":[{"href":"https:\/\/www.jogoremoto.pt\/site\/wp-json\/wp\/v2\/types\/page"}],"author":[{"embeddable":true,"href":"https:\/\/www.jogoremoto.pt\/site\/wp-json\/wp\/v2\/users\/1"}],"replies":[{"embeddable":true,"href":"https:\/\/www.jogoremoto.pt\/site\/wp-json\/wp\/v2\/comments?post=26837"}],"version-history":[{"count":6,"href":"https:\/\/www.jogoremoto.pt\/site\/wp-json\/wp\/v2\/pages\/26837\/revisions"}],"predecessor-version":[{"id":26850,"href":"https:\/\/www.jogoremoto.pt\/site\/wp-json\/wp\/v2\/pages\/26837\/revisions\/26850"}],"wp:attachment":[{"href":"https:\/\/www.jogoremoto.pt\/site\/wp-json\/wp\/v2\/media?parent=26837"}],"curies":[{"name":"wp","href":"https:\/\/api.w.org\/{rel}","templated":true}]}}