{"id":26812,"date":"2023-03-20T06:03:22","date_gmt":"2023-03-20T06:03:22","guid":{"rendered":"https:\/\/www.jogoremoto.pt\/site\/?page_id=26812"},"modified":"2023-03-20T06:04:21","modified_gmt":"2023-03-20T06:04:21","slug":"franca-legislacao-e-regulacao","status":"publish","type":"page","link":"https:\/\/www.jogoremoto.pt\/site\/franca-legislacao-e-regulacao\/","title":{"rendered":"Fran\u00e7a &#8211; Legisla\u00e7\u00e3o e Regula\u00e7\u00e3o"},"content":{"rendered":"","protected":true},"excerpt":{"rendered":"","protected":true},"author":1,"featured_media":0,"parent":0,"menu_order":0,"comment_status":"closed","ping_status":"closed","template":"","meta":[],"_links":{"self":[{"href":"https:\/\/www.jogoremoto.pt\/site\/wp-json\/wp\/v2\/pages\/26812"}],"collection":[{"href":"https:\/\/www.jogoremoto.pt\/site\/wp-json\/wp\/v2\/pages"}],"about":[{"href":"https:\/\/www.jogoremoto.pt\/site\/wp-json\/wp\/v2\/types\/page"}],"author":[{"embeddable":true,"href":"https:\/\/www.jogoremoto.pt\/site\/wp-json\/wp\/v2\/users\/1"}],"replies":[{"embeddable":true,"href":"https:\/\/www.jogoremoto.pt\/site\/wp-json\/wp\/v2\/comments?post=26812"}],"version-history":[{"count":1,"href":"https:\/\/www.jogoremoto.pt\/site\/wp-json\/wp\/v2\/pages\/26812\/revisions"}],"predecessor-version":[{"id":26815,"href":"https:\/\/www.jogoremoto.pt\/site\/wp-json\/wp\/v2\/pages\/26812\/revisions\/26815"}],"wp:attachment":[{"href":"https:\/\/www.jogoremoto.pt\/site\/wp-json\/wp\/v2\/media?parent=26812"}],"curies":[{"name":"wp","href":"https:\/\/api.w.org\/{rel}","templated":true}]}}