{"id":26770,"date":"2023-03-16T10:46:27","date_gmt":"2023-03-16T10:46:27","guid":{"rendered":"https:\/\/www.jogoremoto.pt\/site\/?page_id=26770"},"modified":"2023-03-16T10:46:28","modified_gmt":"2023-03-16T10:46:28","slug":"espanha-legislacao-e-regulacao","status":"publish","type":"page","link":"https:\/\/www.jogoremoto.pt\/site\/espanha-legislacao-e-regulacao\/","title":{"rendered":"Espanha\u00a0&#8211; Legisla\u00e7\u00e3o e Regula\u00e7\u00e3o"},"content":{"rendered":"","protected":true},"excerpt":{"rendered":"","protected":true},"author":1,"featured_media":0,"parent":0,"menu_order":0,"comment_status":"closed","ping_status":"closed","template":"","meta":[],"_links":{"self":[{"href":"https:\/\/www.jogoremoto.pt\/site\/wp-json\/wp\/v2\/pages\/26770"}],"collection":[{"href":"https:\/\/www.jogoremoto.pt\/site\/wp-json\/wp\/v2\/pages"}],"about":[{"href":"https:\/\/www.jogoremoto.pt\/site\/wp-json\/wp\/v2\/types\/page"}],"author":[{"embeddable":true,"href":"https:\/\/www.jogoremoto.pt\/site\/wp-json\/wp\/v2\/users\/1"}],"replies":[{"embeddable":true,"href":"https:\/\/www.jogoremoto.pt\/site\/wp-json\/wp\/v2\/comments?post=26770"}],"version-history":[{"count":1,"href":"https:\/\/www.jogoremoto.pt\/site\/wp-json\/wp\/v2\/pages\/26770\/revisions"}],"predecessor-version":[{"id":26775,"href":"https:\/\/www.jogoremoto.pt\/site\/wp-json\/wp\/v2\/pages\/26770\/revisions\/26775"}],"wp:attachment":[{"href":"https:\/\/www.jogoremoto.pt\/site\/wp-json\/wp\/v2\/media?parent=26770"}],"curies":[{"name":"wp","href":"https:\/\/api.w.org\/{rel}","templated":true}]}}