{"id":26579,"date":"2023-02-18T10:49:07","date_gmt":"2023-02-18T10:49:07","guid":{"rendered":"https:\/\/www.jogoremoto.pt\/site\/?page_id=26579"},"modified":"2023-03-13T20:25:39","modified_gmt":"2023-03-13T20:25:39","slug":"alemanha-jogo-ilegal","status":"publish","type":"page","link":"https:\/\/www.jogoremoto.pt\/site\/alemanha-jogo-ilegal\/","title":{"rendered":"Alemanha &#8211;\u00a0Jogo Ilegal"},"content":{"rendered":"\n<h2 class=\"has-cyan-bluish-gray-background-color has-background\" id=\"sistema-de-denuncias\"><strong>Sistema de Den\u00fancias<\/strong><\/h2>\n\n\n\n<div style=\"height:40px\" aria-hidden=\"true\" class=\"wp-block-spacer\"><\/div>\n\n\n\n<p><strong>\u201cAjude-nos a detetar o jogo ilegal na Internet \u2013 mesmo ANONIMAMENTE! <\/strong>Irregularidades e infra\u00e7\u00f5es nos jogos de fortuna ou azar na Internet prejudicam tanto os jogadores como os fornecedores de jogo.\u201d<\/p>\n\n\n\n<p>\u201cA fim de descobrirmos atividades ilegais no setor dos jogos de fortuna ou azar na Internet numa fase inicial e para evitar ou reduzir os danos, precisamos do seu apoio. N\u00e3o hesite em enviar-nos as suas informa\u00e7\u00f5es atrav\u00e9s do sistema de den\u00fancia (BKMS\u00ae Incident Reporting). Como denunciante, pode permanecer completamente an\u00f3nimo se assim o desejar. Pode encontrar mais informa\u00e7\u00f5es sobre este assunto nas nossas FAQs e nas nossas informa\u00e7\u00f5es sobre prote\u00e7\u00e3o de dados. Para informa\u00e7\u00f5es sobre infra\u00e7\u00f5es no jogo fora da Internet (ofertas de jogo de base territorial, por exemplo, em salas de jogo, restaurantes, caf\u00e9s, ag\u00eancias de apostas, etc.), por favor contacte a autoridade supervisora do jogo competente do seu estado federal. Teremos todo o prazer em receber as suas informa\u00e7\u00f5es sobre os seguintes t\u00f3picos: \u2013 Apostas ilegais na Internet \u2013 Publicidade a ofertas de jogos de fortuna ou azar ilegais na Internet \u2013 Publicidade a ofertas legais de jogos de fortuna ou azar na Internet \u2013 Irregularidades nas ofertas de jogo permitido na Internet \u2013 Suspeita de branqueamento de capitais\u201d<\/p>\n\n\n\n<div style=\"height:40px\" aria-hidden=\"true\" class=\"wp-block-spacer\"><\/div>\n\n\n\n<h2 class=\"has-cyan-bluish-gray-background-color has-background\" id=\"perguntas-e-respostas\"><strong>Perguntas e Respostas<\/strong><\/h2>\n\n\n\n<div style=\"height:40px\" aria-hidden=\"true\" class=\"wp-block-spacer\"><\/div>\n\n\n\n<h4 id=\"por-que-razao-devo-apresentar-um-relatorio\"><strong>Por que raz\u00e3o devo apresentar um relat\u00f3rio?<\/strong><\/h4>\n\n\n\n<p>A manuten\u00e7\u00e3o da oferta de jogo inclui o cumprimento dos requisitos de prote\u00e7\u00e3o do jogador e outros normativos legais. Pode ter conhecimento de comportamentos prejudiciais que ponham em perigo os jogadores, social ou financeiramente, ou que tenham um passado criminoso. Ao informar-nos, ir\u00e1 ajudar-nos a detetar danos numa fase precoce e a assegurar a prote\u00e7\u00e3o dos jogadores e prestadores de servi\u00e7os de jogo.<\/p>\n\n\n\n<div style=\"height:40px\" aria-hidden=\"true\" class=\"wp-block-spacer\"><\/div>\n\n\n\n<h4 id=\"que-relatorios-sao-uteis\"><strong>Que relat\u00f3rios s\u00e3o \u00fateis?<\/strong><\/h4>\n\n\n\n<p>As den\u00fancias relativas a viola\u00e7\u00f5es do Tratado de Estado sobre jogos de fortuna ou azar 2021 ser\u00e3o registadas e processadas. Se, por outro lado, n\u00e3o estiver satisfeito com o servi\u00e7o de um operador de jogo ou com o resultado das suas transa\u00e7\u00f5es de jogo, queira contactar o operador de jogo diretamente. Receber\u00e1 informa\u00e7\u00e3o detalhada sobre os poss\u00edveis pontos fulcrais do relat\u00f3rio durante o processo de elabora\u00e7\u00e3o do mesmo.<\/p>\n\n\n\n<div style=\"height:40px\" aria-hidden=\"true\" class=\"wp-block-spacer\"><\/div>\n\n\n\n<h4 id=\"como-funciona-um-relatorio-como-e-que-eu-configuro-uma-caixa-de-correio\"><strong>Como funciona um relat\u00f3rio, como \u00e9 que eu configuro uma caixa de correio?<\/strong><\/h4>\n\n\n\n<p>Se desejar enviar um relat\u00f3rio identificado ou an\u00f3nimo, clique no bot\u00e3o \u201cSubmeter um relat\u00f3rio\u201d na nossa p\u00e1gina de introdu\u00e7\u00e3o. O processo de elabora\u00e7\u00e3o de relat\u00f3rios envolve 4 etapas: <\/p>\n\n\n\n<ul><li>1. Em primeiro lugar, ser-lhe-\u00e1 pedido que leia um texto informativo para proteger o seu anonimato, bem como para responder a uma pergunta de seguran\u00e7a. <\/li><li>2. Na p\u00e1gina seguinte, ser\u00e1 questionado sobre o foco do seu relat\u00f3rio. <\/li><li>3. Na p\u00e1gina do relat\u00f3rio, formula o seu relato com as suas pr\u00f3prias palavras e responde a perguntas sobre o caso usando uma sele\u00e7\u00e3o de resposta simples. Tem 5.000 carateres dispon\u00edveis para o texto livre, o que corresponde a uma p\u00e1gina DIN A4 completa. Tamb\u00e9m pode enviar ficheiros nos formatos DOCX, PDF, JPG at\u00e9 5 MB para dar suporte ao seu relat\u00f3rio. Lembre-se de que os documentos podem conter informa\u00e7\u00f5es sobre o autor. Depois de enviar o seu relat\u00f3rio, receber\u00e1 um n\u00famero de refer\u00eancia como prova de que o enviou. <\/li><li>4. Depois, configure sua pr\u00f3pria caixa de correio protegida. Se necess\u00e1rio, voc\u00ea receber\u00e1 feedback nosso e poder\u00e1 responder a perguntas se os detalhes ainda n\u00e3o estiverem claros. Se j\u00e1 possui uma caixa de correio protegida, pode acessar a esta caixa de correio diretamente atrav\u00e9s do bot\u00e3o \u201cLogin\u201d. Aqui tamb\u00e9m deve primeiro confirmar a consulta de seguran\u00e7a. Desde que n\u00e3o insira nenhum dado que permita tirar conclus\u00f5es sobre a sua pessoa, o BKMS\u00ae Incident Reporting protege tecnicamente o seu anonimato. Garantimos que estamos interessados \u200b\u200bapenas no caso que voc\u00ea denunciou para descobrir abusos.<\/li><\/ul>\n\n\n\n<div style=\"height:40px\" aria-hidden=\"true\" class=\"wp-block-spacer\"><\/div>\n\n\n\n<h4 id=\"como-obtenho-feedback-e-ainda-permaneco-anonimo\"><strong>Como obtenho feedback e ainda permane\u00e7o an\u00f3nimo?<\/strong><\/h4>\n\n\n\n<p>O princ\u00edpio mais robusto do BKMS\u00ae Incident Reporting aqui utilizado \u00e9 a prote\u00e7\u00e3o do denunciante. A funcionalidade de manter o anonimato \u00e9 certificada por um \u00f3rg\u00e3o independente e tem prioridade m\u00e1xima. <\/p>\n\n\n\n<p>Ao configurar sua caixa postal protegida, escolhe seu pr\u00f3prio nome de usu\u00e1rio e senha. Esses dados de acesso n\u00e3o s\u00e3o vis\u00edveis para ningu\u00e9m al\u00e9m de si. Se perder os seus dados de acesso, envie uma nova mensagem e configure uma nova caixa de correio. Se poss\u00edvel, forne\u00e7a o n\u00famero de refer\u00eancia da sua notifica\u00e7\u00e3o antiga. Como esta \u00e9 uma nova caixa de correio, o conte\u00fado da sua mensagem antiga n\u00e3o est\u00e1 dispon\u00edvel aqui. <\/p>\n\n\n\n<p>A sua den\u00fancia ser\u00e1 mantida an\u00f3nima por meio de criptografia e outras rotinas especiais de seguran\u00e7a. Se enviar a sua den\u00fancia anonimamente, n\u00e3o precisar\u00e1 de fornecer qualquer informa\u00e7\u00e3o pessoal. <\/p>\n\n\n\n<p>N\u00e3o insira qualquer dado que permita tirar conclus\u00f5es sobre a sua pessoa. Daremos feedback, atrav\u00e9s da caixa de correio protegida, sobre o que est\u00e1 a acontecer com sua den\u00fancia ou faremos perguntas se os detalhes ainda n\u00e3o estiverem claros \u2013 voc\u00ea permanece an\u00f3nimo durante o di\u00e1logo. Estamos interessados \u200b\u200bem den\u00fancias para descobrir abusos, n\u00e3o nos denunciantes.<\/p>\n\n\n\n<div style=\"height:40px\" aria-hidden=\"true\" class=\"wp-block-spacer\"><\/div>\n\n\n\n<h4 id=\"qual-e-o-processo-de-reclamacao-de-irregularidades-num-operador-de-jogo-permitido\"><strong>Qual \u00e9 o processo de reclama\u00e7\u00e3o de irregularidades num operador de jogo permitido?<\/strong><\/h4>\n\n\n\n<p>O objetivo deste mecanismo de den\u00fancia \u00e9 investigar suspeitas de viola\u00e7\u00e3o dos requisitos legais de prote\u00e7\u00e3o do jogador por fornecedores legais de jogos de fortuna ou azar. <\/p>\n\n\n\n<p>No caso de problemas espec\u00edficos com um fornecedor de jogos de fortuna ou azar, o primeiro passo consiste em fazer uma reclama\u00e7\u00e3o oficial junto do mesmo. Antes de enviar um relat\u00f3rio aqui, siga estas etapas: <\/p>\n\n\n\n<ul><li>1. Verifique os termos e condi\u00e7\u00f5es do fornecedor de jogos de fortuna ou azar associados \u00e0 sua conta ou transa\u00e7\u00e3o de jogo. <\/li><li>2. Entre em contacto com a empresa: Visite o site do fornecedor de jogos de fortuna ou azar para obter informa\u00e7\u00f5es sobre como fazer uma reclama\u00e7\u00e3o. Tamb\u00e9m pode reclamar por telefone e solicitar uma c\u00f3pia da pol\u00edtica de reclama\u00e7\u00f5es. Siga a pol\u00edtica de reclama\u00e7\u00f5es da empresa. Forne\u00e7a \u00e0 empresa todas as informa\u00e7\u00f5es sobre a sua reclama\u00e7\u00e3o, incluindo a data, a hora e o montante em quest\u00e3o. Compartilhe qualquer evid\u00eancia que tenha para apoiar a sua reclama\u00e7\u00e3o. Guarde uma c\u00f3pia de cada uma dessas provas. <\/li><li>3. Aguarde a resposta: D\u00ea tempo \u00e0 empresa para resolver sua reclama\u00e7\u00e3o. Quando a investiga\u00e7\u00e3o estiver conclu\u00edda, ser\u00e1 informado sobre o resultado de sua reclama\u00e7\u00e3o e sobre as pr\u00f3ximas etapas. <\/li><li>4 Se n\u00e3o estiver satisfeito com o resultado: Pode encaminhar a sua reclama\u00e7\u00e3o para um Provedor de Resolu\u00e7\u00e3o Alternativa de Disputas. O fornecedor de jogos de fortuna ou azar deve ser capaz de lhe dizer qual Provedor que poder\u00e1 recorrer e fornecer os seus dados de contacto.<\/li><\/ul>\n\n\n\n<h4 class=\"has-text-align-center\" id=\"visite\"><strong>Visite<\/strong><\/h4>\n\n\n\n<div class=\"wp-block-image is-style-default\"><figure class=\"aligncenter size-full\"><a href=\"https:\/\/www.jogoremoto.pt\/\"><img loading=\"lazy\" width=\"180\" height=\"180\" src=\"https:\/\/www.jogoremoto.pt\/site\/wp-content\/uploads\/2023\/01\/VISITE-1.jpg\" alt=\"\" class=\"wp-image-24806\" srcset=\"https:\/\/www.jogoremoto.pt\/site\/wp-content\/uploads\/2023\/01\/VISITE-1.jpg 180w, https:\/\/www.jogoremoto.pt\/site\/wp-content\/uploads\/2023\/01\/VISITE-1-300x300.jpg 300w, https:\/\/www.jogoremoto.pt\/site\/wp-content\/uploads\/2023\/01\/VISITE-1-1024x1024.jpg 1024w, https:\/\/www.jogoremoto.pt\/site\/wp-content\/uploads\/2023\/01\/VISITE-1-150x150.jpg 150w, https:\/\/www.jogoremoto.pt\/site\/wp-content\/uploads\/2023\/01\/VISITE-1-768x768.jpg 768w, https:\/\/www.jogoremoto.pt\/site\/wp-content\/uploads\/2023\/01\/VISITE-1-1536x1536.jpg 1536w, https:\/\/www.jogoremoto.pt\/site\/wp-content\/uploads\/2023\/01\/VISITE-1-2048x2048.jpg 2048w\" sizes=\"(max-width: 180px) 100vw, 180px\" \/><\/a><\/figure><\/div>\n\n\n\n<p class=\"has-text-align-right\"><div class=\"rule\"><span class=\"top\">top<\/span><\/div><\/p>\n","protected":false},"excerpt":{"rendered":"<p>Sistema de Den\u00fancias \u201cAjude-nos a detetar o jogo ilegal na Internet \u2013 mesmo ANONIMAMENTE! Irregularidades e infra\u00e7\u00f5es nos jogos de fortuna ou azar na Internet prejudicam tanto os jogadores como os fornecedores de jogo.\u201d \u201cA fim de descobrirmos atividades ilegais no setor dos jogos de fortuna ou azar na Internet numa fase inicial e para [&hellip;]<\/p>\n","protected":false},"author":1,"featured_media":0,"parent":0,"menu_order":0,"comment_status":"closed","ping_status":"closed","template":"","meta":[],"_links":{"self":[{"href":"https:\/\/www.jogoremoto.pt\/site\/wp-json\/wp\/v2\/pages\/26579"}],"collection":[{"href":"https:\/\/www.jogoremoto.pt\/site\/wp-json\/wp\/v2\/pages"}],"about":[{"href":"https:\/\/www.jogoremoto.pt\/site\/wp-json\/wp\/v2\/types\/page"}],"author":[{"embeddable":true,"href":"https:\/\/www.jogoremoto.pt\/site\/wp-json\/wp\/v2\/users\/1"}],"replies":[{"embeddable":true,"href":"https:\/\/www.jogoremoto.pt\/site\/wp-json\/wp\/v2\/comments?post=26579"}],"version-history":[{"count":5,"href":"https:\/\/www.jogoremoto.pt\/site\/wp-json\/wp\/v2\/pages\/26579\/revisions"}],"predecessor-version":[{"id":26611,"href":"https:\/\/www.jogoremoto.pt\/site\/wp-json\/wp\/v2\/pages\/26579\/revisions\/26611"}],"wp:attachment":[{"href":"https:\/\/www.jogoremoto.pt\/site\/wp-json\/wp\/v2\/media?parent=26579"}],"curies":[{"name":"wp","href":"https:\/\/api.w.org\/{rel}","templated":true}]}}