{"id":26500,"date":"2023-02-16T07:54:15","date_gmt":"2023-02-16T07:54:15","guid":{"rendered":"https:\/\/www.jogoremoto.pt\/site\/?page_id=26500"},"modified":"2023-03-13T20:20:20","modified_gmt":"2023-03-13T20:20:20","slug":"alemanha-operadores-e-jogos-licenciados","status":"publish","type":"page","link":"https:\/\/www.jogoremoto.pt\/site\/alemanha-operadores-e-jogos-licenciados\/","title":{"rendered":"Alemanha &#8211; Operadores e Jogos Licenciados"},"content":{"rendered":"\n<h2 class=\"has-cyan-bluish-gray-background-color has-background\" id=\"enquadramento-tecnico\"><strong>Enquadramento t\u00e9cnico<\/strong><\/h2>\n\n\n\n<div style=\"height:40px\" aria-hidden=\"true\" class=\"wp-block-spacer\"><\/div>\n\n\n\n<h4 id=\"arquivos-centrais\"><strong>Arquivos Centrais<\/strong><\/h4>\n\n\n\n<p>Previnem o jogo em v\u00e1rios operadores e garantem a limita\u00e7\u00e3o de dep\u00f3sitos (arquivo de atividade e arquivo de limite).<\/p>\n\n\n\n<p>Os arquivos centrais incluem um ficheiro para a monitoriza\u00e7\u00e3o de limites de dep\u00f3sitos (ficheiro de limites) e um ficheiro para a monitoriza\u00e7\u00e3o de apostas m\u00faltiplas com prestadores de servi\u00e7os de jogo (ficheiro de atividades). A atribui\u00e7\u00e3o de limites de dep\u00f3sito para um s\u00f3 jogador e a preven\u00e7\u00e3o de jogo paralelo s\u00e3o asseguradas atrav\u00e9s do uso de pseud\u00f3nimos que s\u00e3o atribu\u00eddos aos jogadores. O pseud\u00f3nimo de um jogador \u00e9 armazenado nos ficheiros centrais por um fornecedor de jogos de fortuna ou azar, quando o jogador se regista pela primeira vez. O fornecedor de jogos de fortuna ou azar transfere por este meio uma identifica\u00e7\u00e3o clara do jogador que a estipulou, para os ficheiros centrais, sendo esta ent\u00e3o utilizada para uma comunica\u00e7\u00e3o cont\u00ednua. Este procedimento garante que n\u00e3o s\u00e3o armazenados dados pessoais dos jogadores e que a autoridade respons\u00e1vel pelo jogo n\u00e3o pode aceder a esses dados.<\/p>\n\n\n\n<p>Os fornecedores de jogos de fortuna ou azar podem aceder aos ficheiros centrais com base em certificados que s\u00e3o emitidos e assinados durante o processo de emiss\u00e3o da licen\u00e7a. A descri\u00e7\u00e3o dos ficheiros centrais e os requisitos t\u00e9cnicos relativos aos sistemas dos fornecedores dos jogos de fortuna ou azar que servem os ficheiros centrais est\u00e3o indicados nas &#8221; Normas T\u00e9cnicas para os Ficheiros Centrais&#8221;. <\/p>\n\n\n\n<div style=\"height:40px\" aria-hidden=\"true\" class=\"wp-block-spacer\"><\/div>\n\n\n\n<h2 class=\"has-cyan-bluish-gray-background-color has-background\" id=\"informacao-geral\"><strong>Informa\u00e7\u00e3o Geral<\/strong><\/h2>\n\n\n\n<div style=\"height:40px\" aria-hidden=\"true\" class=\"wp-block-spacer\"><\/div>\n\n\n\n<p>Os fornecedores de jogos de fortuna ou azar podem administrar um jogador nos ficheiros centrais, utilizando as seguintes fun\u00e7\u00f5es:<\/p>\n\n\n\n<ul><li>1. Registar um apostador,<\/li><li>2. Alterar os dados dos jogadores (resulta da altera\u00e7\u00e3o que se faz para o pseud\u00f3nimo do jogador),<\/li><li>3. Alterar a identifica\u00e7\u00e3o do jogador,<\/li><li>4. Cancelar o registo de um jogador.<\/li><\/ul>\n\n\n\n<p>Cada um dos fornecedores de jogos de fortuna ou azar tem a obriga\u00e7\u00e3o de registar o jogador nos ficheiros centrais e isto deve ser feito logo que o jogador abra uma conta de jogo. <\/p>\n\n\n\n<p>O cancelamento do registo deve ser efetuado de imediato, logo que o jogador apague a sua conta de jogo. Ao registar o jogador nos ficheiros centrais pela primeira vez, devem tamb\u00e9m ser introduzidas informa\u00e7\u00f5es relativas ao limite de dep\u00f3sito cruzado a ser determinado pelo jogador.<\/p>\n\n\n\n<div style=\"height:40px\" aria-hidden=\"true\" class=\"wp-block-spacer\"><\/div>\n\n\n\n<h4 id=\"ficheiro-de-limites\"><strong>Ficheiro de Limites<\/strong><\/h4>\n\n\n\n<p>\u00c9 da pr\u00f3pria fun\u00e7\u00e3o do ficheiro para o limite de dep\u00f3sito, permitir que o limite estabelecido pelo jogador seja respeitado. Isto implica que se cumpram determinadas obriga\u00e7\u00f5es:<\/p>\n\n\n\n<ul><li>1. Definir um limite de dep\u00f3sito;<\/li><li>2.  Efectuar um dep\u00f3sito.<\/li><\/ul>\n\n\n\n<p>Estes limites devem ser utilizados por cada um dos fornecedores de jogos de fortuna ou azar para cada um dos jogadores que est\u00e3o registados na sua conta.<\/p>\n\n\n\n<div style=\"height:40px\" aria-hidden=\"true\" class=\"wp-block-spacer\"><\/div>\n\n\n\n<h4 id=\"ficheiro-de-atividade\"><strong>Ficheiro de Atividade<\/strong><\/h4>\n\n\n\n<p>O ficheiro de atividades permite evitar apostas simult\u00e2neas com numerosos fornecedores de jogos de fortuna ou azar. Compreende as seguintes fun\u00e7\u00f5es:<\/p>\n\n\n\n<ul><li>1. Definir o status de jogador como &#8220;Ativo&#8221;;<\/li><li>2. Definir o status de jogador como &#8220;Inativo&#8221;.<\/li><\/ul>\n\n\n\n<p>Assim que um jogador quiser come\u00e7ar a jogar, deve estar definido como &#8220;Ativo&#8221; no ficheiro central. <\/p>\n\n\n\n<p>Quando o ficheiro central informa um fornecedor de jogos de fortuna ou azar que um jogador que deseja ser definido como &#8220;Ativo&#8221; j\u00e1 est\u00e1 &#8220;Ativo&#8221;, o fornecedor de jogos de fortuna ou azar est\u00e1 impedido de permitir ao jogador realizar a atividade de jogo desejada. Cada um dos fornecedores de jogos de fortuna ou azar que tenha definido um jogador como &#8220;Ativo&#8221; deve defini-lo como &#8220;Inativo&#8221; quando solicitado a faz\u00ea-lo ou 30 minutos ap\u00f3s a \u00faltima entrada ter sido feita.<\/p>\n\n\n\n<div style=\"height:40px\" aria-hidden=\"true\" class=\"wp-block-spacer\"><\/div>\n\n\n\n<h4 id=\"obrigatoriedade-de-sistemas-ti\"><strong>Obrigatoriedade de Sistemas TI<\/strong><\/h4>\n\n\n\n<p>Para fornecedores de jogos de fortuna ou azar e intermedi\u00e1rios.<\/p>\n\n\n\n<p>O mercado dos jogos de fortuna ou azar online na Alemanha \u00e9 igualmente controlado atrav\u00e9s de sistemas de tecnologia da informa\u00e7\u00e3o com efeitos a partir de 1 de julho de 2021. Os fornecedores de jogos de fortuna ou azar online t\u00eam a obriga\u00e7\u00e3o de se ligar a estes sistemas. Existem dois sistemas com tarefas e fun\u00e7\u00f5es diferentes, al\u00e9m do registo de exclus\u00e3o de jogadores que \u00e9 operado pelo Estado de Hessen:<\/p>\n\n\n\n<ul><li>1. Um sistema de an\u00e1lise de acordo com \u00a7 6i (2) <em>Gl\u00fcStV<\/em> 2021, que analisa os dados que os pr\u00f3prios fornecedores de jogos de fortuna ou azar introduziram para a execu\u00e7\u00e3o da supervis\u00e3o do jogo;<\/li><li>2. Ficheiros centrais, que controlam a ades\u00e3o \u00e0 limita\u00e7\u00e3o da coloca\u00e7\u00e3o de apostas pelos apostadores (\u00a7 6c <em>Gl\u00fcStV<\/em> 2021), al\u00e9m de impedirem o jogo simult\u00e2neo com numerosos fornecedores de apostas (\u00a7 6h <em>Gl\u00fcStV<\/em> 2021).<\/li><\/ul>\n\n\n\n<p>Ambos os sistemas de tecnologia de informa\u00e7\u00e3o foram inicialmente administrados pelo Departamento de Administra\u00e7\u00e3o do Estado da Sax\u00f3nia-Anhalt com efeitos a partir de 1 de julho de 2021, antes de a responsabilidade ser transferida para o <em>Gemeinsame Gl\u00fccksspielbeh\u00f6rde der L\u00e4nder<\/em> com efeitos a partir de 1 de janeiro de 2023 e para a <em>Dataport<\/em>, um fornecedor de servi\u00e7os da administra\u00e7\u00e3o p\u00fablica do Estado da Sax\u00f3nia-Anhalt.<\/p>\n\n\n\n<div style=\"height:40px\" aria-hidden=\"true\" class=\"wp-block-spacer\"><\/div>\n\n\n\n<h4 id=\"sistema-de-analise-servidor-seguro\"><strong>Sistema de An\u00e1lise\/Servidor Seguro<\/strong><\/h4>\n\n\n\n<p>O sistema de an\u00e1lise serve a autoridade respons\u00e1vel pelo jogo como um instrumento para o controlo das atividades dos fornecedores de jogos de fortuna ou azar. Os fornecedores de jogos de fortuna ou azar t\u00eam, por este meio, a obriga\u00e7\u00e3o de registar corretamente todos os dados necess\u00e1rios. <\/p>\n\n\n\n<p>Os fornecedores de jogos de fortuna ou azar registam de uma forma independente os dados sobre os chamados servidores de seguran\u00e7a, que devem ser configurados e operados pelos fornecedores de jogos de fortuna ou azar \u00e0s suas custas. <\/p>\n\n\n\n<p>O sistema de an\u00e1lise tem acesso ao servidor mais seguro a intervalos regulares, a partir do qual descarrega os dados para que estes possam ser processados. As informa\u00e7\u00f5es sobre os dados necess\u00e1rios e a estrutura em que estes devem ser armazenados no servidor mais seguro pelos fornecedores de jogos de fortuna ou azar, n\u00e3o s\u00e3o fornecidas apenas pelos requisitos t\u00e9cnicos do servidor seguro, mas tamb\u00e9m pelas suas pr\u00f3prias interfaces que s\u00e3o necess\u00e1rias para o acesso aos dados, segundo as &#8220;Technical Safe-Server Guidelines&#8221;.<\/p>\n\n\n\n<h4 class=\"has-text-align-center\" id=\"visite\"><strong>Visite<\/strong><\/h4>\n\n\n\n<div class=\"wp-block-image is-style-default\"><figure class=\"aligncenter size-full\"><a href=\"https:\/\/www.jogoremoto.pt\/\"><img loading=\"lazy\" width=\"180\" height=\"180\" src=\"https:\/\/www.jogoremoto.pt\/site\/wp-content\/uploads\/2023\/01\/VISITE-1.jpg\" alt=\"\" class=\"wp-image-24806\" srcset=\"https:\/\/www.jogoremoto.pt\/site\/wp-content\/uploads\/2023\/01\/VISITE-1.jpg 180w, https:\/\/www.jogoremoto.pt\/site\/wp-content\/uploads\/2023\/01\/VISITE-1-300x300.jpg 300w, https:\/\/www.jogoremoto.pt\/site\/wp-content\/uploads\/2023\/01\/VISITE-1-1024x1024.jpg 1024w, https:\/\/www.jogoremoto.pt\/site\/wp-content\/uploads\/2023\/01\/VISITE-1-150x150.jpg 150w, https:\/\/www.jogoremoto.pt\/site\/wp-content\/uploads\/2023\/01\/VISITE-1-768x768.jpg 768w, https:\/\/www.jogoremoto.pt\/site\/wp-content\/uploads\/2023\/01\/VISITE-1-1536x1536.jpg 1536w, https:\/\/www.jogoremoto.pt\/site\/wp-content\/uploads\/2023\/01\/VISITE-1-2048x2048.jpg 2048w\" sizes=\"(max-width: 180px) 100vw, 180px\" \/><\/a><\/figure><\/div>\n\n\n\n<p class=\"has-text-align-right\"><div class=\"rule\"><span class=\"top\">top<\/span><\/div><\/p>\n","protected":false},"excerpt":{"rendered":"<p>Enquadramento t\u00e9cnico Arquivos Centrais Previnem o jogo em v\u00e1rios operadores e garantem a limita\u00e7\u00e3o de dep\u00f3sitos (arquivo de atividade e arquivo de limite). Os arquivos centrais incluem um ficheiro para a monitoriza\u00e7\u00e3o de limites de dep\u00f3sitos (ficheiro de limites) e um ficheiro para a monitoriza\u00e7\u00e3o de apostas m\u00faltiplas com prestadores de servi\u00e7os de jogo (ficheiro [&hellip;]<\/p>\n","protected":false},"author":1,"featured_media":0,"parent":0,"menu_order":0,"comment_status":"closed","ping_status":"closed","template":"","meta":[],"_links":{"self":[{"href":"https:\/\/www.jogoremoto.pt\/site\/wp-json\/wp\/v2\/pages\/26500"}],"collection":[{"href":"https:\/\/www.jogoremoto.pt\/site\/wp-json\/wp\/v2\/pages"}],"about":[{"href":"https:\/\/www.jogoremoto.pt\/site\/wp-json\/wp\/v2\/types\/page"}],"author":[{"embeddable":true,"href":"https:\/\/www.jogoremoto.pt\/site\/wp-json\/wp\/v2\/users\/1"}],"replies":[{"embeddable":true,"href":"https:\/\/www.jogoremoto.pt\/site\/wp-json\/wp\/v2\/comments?post=26500"}],"version-history":[{"count":11,"href":"https:\/\/www.jogoremoto.pt\/site\/wp-json\/wp\/v2\/pages\/26500\/revisions"}],"predecessor-version":[{"id":26635,"href":"https:\/\/www.jogoremoto.pt\/site\/wp-json\/wp\/v2\/pages\/26500\/revisions\/26635"}],"wp:attachment":[{"href":"https:\/\/www.jogoremoto.pt\/site\/wp-json\/wp\/v2\/media?parent=26500"}],"curies":[{"name":"wp","href":"https:\/\/api.w.org\/{rel}","templated":true}]}}