{"id":26475,"date":"2023-02-16T06:28:36","date_gmt":"2023-02-16T06:28:36","guid":{"rendered":"https:\/\/www.jogoremoto.pt\/site\/?page_id=26475"},"modified":"2023-03-13T20:18:53","modified_gmt":"2023-03-13T20:18:53","slug":"alemanha-o-regulador","status":"publish","type":"page","link":"https:\/\/www.jogoremoto.pt\/site\/alemanha-o-regulador\/","title":{"rendered":"Alemanha &#8211; O Regulador"},"content":{"rendered":"\n<h2 class=\"has-cyan-bluish-gray-background-color has-background\" id=\"o-tratado-de-estado-sobre-o-jogo\"><strong>O Tratado de Estado sobre o Jogo<\/strong><\/h2>\n\n\n\n<div style=\"height:40px\" aria-hidden=\"true\" class=\"wp-block-spacer\"><\/div>\n\n\n\n<p>Uma vez que a Internet tornou o jogo e as apostas facilmente acess\u00edveis atrav\u00e9s das fronteiras estatais, as diferentes legisla\u00e7\u00f5es estatais deixaram de ser suficientes. Por conseguinte, Em 2008, foi adotada a primeira vers\u00e3o do Tratado de Estado sobre o Jogo. Como o seu prazo era limitado e os primeiros-ministros estatais n\u00e3o conseguiram chegar a acordo sobre a sua renova\u00e7\u00e3o, o primeiro tratado expirou de novo em 31 de dezembro de 2011. Desde ent\u00e3o, houve v\u00e1rias emendas, um total de tr\u00eas vers\u00f5es do chamado Tratado de Estado sobre o Jogo. A terceira vers\u00e3o funcionou como uma disposi\u00e7\u00e3o transit\u00f3ria enquanto se trabalhava numa nova edi\u00e7\u00e3o do tratado.<\/p>\n\n\n\n<p>Finalmente, um novo Tratado de Estado sobre o Jogo entrou em vigor a 1 de julho de 2021. O seu principal objetivo \u00e9 regular o mercado opaco dos jogos de fortuna ou azar online de uma forma uniforme e refrear as ofertas ilegais.<\/p>\n\n\n\n<p>Mesmo antes do novo Tratado de Estado sobre o Jogo, era poss\u00edvel utilizar servi\u00e7os de apostas e jogos de fortuna ou azar online na Alemanha, por exemplo com base em licen\u00e7as de jogo emitidas em Malta, entre outros pa\u00edses, a n\u00edvel da UE.<\/p>\n\n\n\n<p>Para os consumidores, muitas vezes j\u00e1 n\u00e3o era claro o que era legal e o que era ilegal, e tamb\u00e9m deu origem a opera\u00e7\u00f5es de mercado negro n\u00e3o regulamentadas. O Tratado de Estado sobre o Jogo 2021 cria condi\u00e7\u00f5es mais claras e encoraja os jogadores a afastarem-se do mercado negro.<\/p>\n\n\n\n<div style=\"height:40px\" aria-hidden=\"true\" class=\"wp-block-spacer\"><\/div>\n\n\n\n<h2 class=\"has-cyan-bluish-gray-background-color has-background\" id=\"o-objetivo-do-tratado-de-estado-sobre-o-jogo\"><strong>O Objetivo do Tratado de Estado sobre o Jogo<\/strong><\/h2>\n\n\n\n<div style=\"height:40px\" aria-hidden=\"true\" class=\"wp-block-spacer\"><\/div>\n\n\n\n<p>O Tratado de Estado sobre o Jogo destina-se a prevenir e combater o v\u00edcio do jogo, a orientar os instintos naturais de jogo da popula\u00e7\u00e3o para canais controlados e ordenados, a combater o mercado negro, a assegurar a prote\u00e7\u00e3o dos jovens e dos jogadores atrav\u00e9s da verifica\u00e7\u00e3o de idade, a prevenir a manipula\u00e7\u00e3o e manter a integridade no desporto.<\/p>\n\n\n\n<p>Que mudan\u00e7as trar\u00e1 o Tratado de Estado para os fornecedores de servi\u00e7os de jogo?<\/p>\n\n\n\n<p>O Tratado de Estado sobre Jogo 2021 (Gl\u00fcStV) introduz um novo regime de licen\u00e7as na Alemanha para os fornecedores de jogos de fortuna ou azar online e apostas desportivas, conferindo-lhes seguran\u00e7a jur\u00eddica. Ao mesmo tempo, pretende-se proteger melhor os consumidores e proteg\u00ea-los de grandes perdas. O v\u00edcio do jogo deve tamb\u00e9m ser prevenido atrav\u00e9s de v\u00e1rias medidas. Por este motivo, os fornecedores portadores de uma licen\u00e7a de jogo t\u00eam de cumprir os novos requisitos desde 2021.<\/p>\n\n\n\n<div style=\"height:40px\" aria-hidden=\"true\" class=\"wp-block-spacer\"><\/div>\n\n\n\n<h2 class=\"has-cyan-bluish-gray-background-color has-background\" id=\"as-novas-medidas-adotadas\"><strong>As Novas Medidas Adotadas<\/strong><\/h2>\n\n\n\n<div style=\"height:40px\" aria-hidden=\"true\" class=\"wp-block-spacer\"><\/div>\n\n\n\n<h4 id=\"limites-de-deposito\"><strong>Limites de Dep\u00f3sito<\/strong><\/h4>\n\n\n\n<p>Por um lado, aplica-se um limite de dep\u00f3sito aos casinos online. Os utilizadores n\u00e3o podem depositar mais de 1.000 euros por m\u00eas em plataformas de jogo. Este limite aplica-se de forma generalizada a todos os fornecedores com uma licen\u00e7a alem\u00e3. Ao registarem-se, os utilizadores devem tamb\u00e9m definir um limite de dep\u00f3sito por eles selecionados. Se posteriormente quiserem alterar o limite, este s\u00f3 entra em vigor decorridos 7 dias, a fim de evitar dep\u00f3sitos impulsivos. <\/p>\n\n\n\n<div style=\"height:40px\" aria-hidden=\"true\" class=\"wp-block-spacer\"><\/div>\n\n\n\n<h4 id=\"botao-de-panico\"><strong>Bot\u00e3o de P\u00e2nico<\/strong><\/h4>\n\n\n\n<p>Outra medida para prevenir o v\u00edcio do jogo \u00e9 a introdu\u00e7\u00e3o do chamado \u201cbot\u00e3o de p\u00e2nico\u201d. Este pode ser pressionado pelo utilizador se tiver a sensa\u00e7\u00e3o de que est\u00e1 a perder o controlo do jogo. A sua conta ser\u00e1 ent\u00e3o bloqueada durante 24 horas com efeito imediato. <\/p>\n\n\n\n<div style=\"height:40px\" aria-hidden=\"true\" class=\"wp-block-spacer\"><\/div>\n\n\n\n<h4 id=\"limitacao-de-apostas\"><strong>Limita\u00e7\u00e3o de Apostas<\/strong><\/h4>\n\n\n\n<p>A aposta m\u00e1xima para jogos de casino est\u00e1 limitada. <\/p>\n\n\n\n<p>Para as slot machines, a aposta m\u00e1xima por jogo \u00e9 de 1 euro. Uma rodada deve durar pelo menos 5 segundos e n\u00e3o pode ser automatizada \u2013 pelo que o jogador deve fazer cada rodada manualmente. <\/p>\n\n\n\n<p>Os jogos de mesa ao vivo, tais como blackjack ou roleta, s\u00e3o proibidos (Cada estado federal pode decidir se concede licen\u00e7as limitadas aos operadores ou imp\u00f5e um monop\u00f3lio estatal para oferecer jogos de casino. Isso significa que certos estados podem restringir os fornecedores de oferecer roleta, blackjack ou bacar\u00e1). Da mesma forma, s\u00e3o proibidos jogos m\u00faltiplos em diferentes casinos online. E mesmo com um \u00fanico fornecedor, um utilizador s\u00f3 pode jogar numa slot machine de cada vez. <\/p>\n\n\n\n<p>Os fornecedores devem tamb\u00e9m manter os utilizadores regularmente informados sobre os seus ganhos e perdas. Por outro lado, o n\u00famero de licen\u00e7as para jogos de mesa ser\u00e1 limitado ao n\u00famero de locais f\u00edsicos para casinos em cada estado.<\/p>\n\n\n\n<p>As apostas desportivas j\u00e1 eram legais antes da nova Lei do Jogo de 2021 e reguladas pelas anteriores vers\u00f5es do Tratado de Estado sobre o Jogo. O que \u00e9 novo para os fornecedores de apostas desportivas \u00e9 que agora tamb\u00e9m t\u00eam de solicitar uma licen\u00e7a de jogo alem\u00e3 para poderem continuar a disponibilizar a sua oferta online. <\/p>\n\n\n\n<p>Os profissionais do desporto ativos j\u00e1 n\u00e3o est\u00e3o autorizados a fazer publicidade a fornecedores de apostas desportivas. <\/p>\n\n\n\n<p>Todos os usu\u00e1rios de casinos e de apostas desportivas online t\u00eam de criar uma conta e fazer o login para jogar. O jogo an\u00f3nimo n\u00e3o \u00e9, portanto, poss\u00edvel. <\/p>\n\n\n\n<p>Foi criado um processo de bloqueio para a prote\u00e7\u00e3o de menores e jogadores interditos. Este registo centralizado est\u00e1 acess\u00edvel a todos os fornecedores de jogo. <\/p>\n\n\n\n<p>Ao registarem novos clientes, os fornecedores detentores de uma licen\u00e7a alem\u00e3 de jogo s\u00e3o obrigados a identificar e autenticar os jogadores e a proceder \u00e0 sua compara\u00e7\u00e3o com o processo de bloqueio. Isto destina-se a impedir que os jogadores que se encontram bloqueados voltem a registar-se junto dos fornecedores.<\/p>\n\n\n\n<p>Os requisitos de verifica\u00e7\u00e3o de identidade obrigam os fornecedores a adaptar os seus processos de conhecimento do cliente (KYC \u2013 know-your-customer) e a implement\u00e1-los em conformidade com o Tratado de Estado sobre o Jogo. As verifica\u00e7\u00f5es de identidade automatizadas podem ser utilizadas para este fim. O identificador autom\u00e1tico (IDnow AutoIdent) pode ser facilmente adaptado aos requisitos do Tratado de Estado sobre o Jogo 2021 e assegura uma identifica\u00e7\u00e3o KYC simples e em conformidade com a lei em apenas alguns minutos.<\/p>\n\n\n\n<div style=\"height:40px\" aria-hidden=\"true\" class=\"wp-block-spacer\"><\/div>\n\n\n\n<h2 class=\"has-cyan-bluish-gray-background-color has-background\" id=\"responsabilidades-do-estado\"><strong>Responsabilidades do Estado<\/strong><\/h2>\n\n\n\n<div style=\"height:40px\" aria-hidden=\"true\" class=\"wp-block-spacer\"><\/div>\n\n\n\n<p>Ao Regulador do jogo compete fiscalizar o cumprimento das disposi\u00e7\u00f5es de direito p\u00fablico promulgadas pelo ou nos termos do atual Tratado de Estado, impedir o jogo ilegal e a publicidade ao jogo ilegal<sup>(1)<\/sup>. A autoridade respons\u00e1vel por todos os Estados Federais ou do respetivo Estado Federal pode promulgar as decis\u00f5es que forem necess\u00e1rias em casos espec\u00edficos. <\/p>\n\n\n\n<p>Pode tomar as seguintes medidas, sem preju\u00edzo de outras medidas previstas no presente Tratado de Estado e outras disposi\u00e7\u00f5es legais, em particular:<\/p>\n\n\n\n<ul><li>1. Solicitar, a qualquer momento, informa\u00e7\u00f5es e a apresenta\u00e7\u00e3o de todos e quaisquer documentos, elementos e provas necess\u00e1rias para as inspe\u00e7\u00f5es referidas na primeira frase <sup>(1)<\/sup>, e para entrar em qualquer instala\u00e7\u00f5es comerciais e espa\u00e7os de jogo p\u00fablicos onde se organizam ou promovem jogos de fortuna ou azar para o cumprimento dos objetivos de tais inspe\u00e7\u00f5es durante as horas normais de expediente e de trabalho;<\/li><li>2. Estabelecer requisitos sobre a organiza\u00e7\u00e3o, desempenho e intermedia\u00e7\u00e3o de jogos p\u00fablicos de fortuna ou azar e publicidade aos mesmos, bem como sobre o desenvolvimento e implementa\u00e7\u00e3o de um conceito social;<\/li><li>3. Proibir a organiza\u00e7\u00e3o, execu\u00e7\u00e3o e intermedia\u00e7\u00e3o de jogos de fortuna ou azar il\u00edcitos, bem como qualquer publicidade associada;<\/li><li>4. Proibir as entidades envolvidas nas opera\u00e7\u00f5es de pagamento, em particular as institui\u00e7\u00f5es de cr\u00e9dito e de servi\u00e7os financeiros, mediante notifica\u00e7\u00e3o pr\u00e9via sobre ofertas de jogos ilegais, de participar em opera\u00e7\u00f5es de pagamento de jogos ilegais.<\/li><li>5. Ap\u00f3s notifica\u00e7\u00e3o pr\u00e9via sobre ofertas de jogos ilegais, tomar medidas para bloquear essas ofertas junto dos fornecedores de servi\u00e7os respons\u00e1veis, nos termos da Lei da Telemedia, em particular os fornecedores de liga\u00e7\u00f5es e os agentes de registo\u2026<\/li><\/ul>\n\n\n\n<div style=\"height:40px\" aria-hidden=\"true\" class=\"wp-block-spacer\"><\/div>\n\n\n\n<h4 id=\"patrocinio-e-financiamento\"><strong>Patroc\u00ednio e Financiamento<\/strong><\/h4>\n\n\n\n<p>A institui\u00e7\u00e3o \u00e9 gerida de acordo com princ\u00edpios comerciais e considera\u00e7\u00f5es econ\u00f3micas, tendo em conta as particularidades resultantes das tarefas da institui\u00e7\u00e3o:<\/p>\n\n\n\n<ul><li>1. Os Estados Federais s\u00e3o os patrocinadores da institui\u00e7\u00e3o (Estados patrocinadores). S\u00e3o simultaneamente utilizadores da institui\u00e7\u00e3o.<\/li><li>2. Os Estados patrocinadores comprometem-se a assegurar que a institui\u00e7\u00e3o \u00e9 financiada adequadamente.<\/li><li>3. Os Estados patrocinadores fornecem os recursos financeiros previstos no plano econ\u00f3mico aprovado, numa base proporcional, de acordo com a f\u00f3rmula de <em>K\u00f6nigstein<\/em> modificada para a institui\u00e7\u00e3o (contribui\u00e7\u00f5es financeiras). A f\u00f3rmula <em>K\u00f6nigstein<\/em> adaptada \u00e0 institui\u00e7\u00e3o \u00e9 a f\u00f3rmula <em>K\u00f6nigstein<\/em> publicada no <em>Federal Gazette<\/em>, convertida para os Estados patrocinadores e arredondada para cinco casas decimais. A percentagem apresentada no Di\u00e1rio da Rep\u00fablica para cada estado patrocinador \u00e9 dividida pela soma das quotas percentuais de todos os estados patrocinadores e depois multiplicada por 100 por cento. A atual f\u00f3rmula de <em>K\u00f6nigstein<\/em>, adaptada \u00e0 institui\u00e7\u00e3o, aplica-se a todos os pagamentos.<\/li><li>4. Para o exerc\u00edcio financeiro de 2021, a institui\u00e7\u00e3o recebe 3 milh\u00f5es de euros que s\u00e3o suportados pela Estados patrocinadores em conformidade com a f\u00f3rmula de <em>K\u00f6nigstein<\/em> adaptada \u00e0 institui\u00e7\u00e3o, em conformidade com o par\u00e1grafo 3(2) a (4) e devem ser entregues \u00e0 institui\u00e7\u00e3o at\u00e9 30 de setembro de 2021.<\/li><li>5. A institui\u00e7\u00e3o \u00e9 gerida de acordo com princ\u00edpios comerciais e considera\u00e7\u00f5es econ\u00f3micas, tendo em conta as particularidades resultantes das tarefas da institui\u00e7\u00e3o. A contabilidade da institui\u00e7\u00e3o baseia-se nos princ\u00edpios da contabilidade de dupla entrada (dupla entrada estatal). O ano fiscal \u00e9 o ano civil. Os estatutos regulam os pormenores da gest\u00e3o or\u00e7amental e econ\u00f3mica.<\/li><li>6. Os pormenores do financiamento s\u00e3o regulados num acordo administrativo.<\/li><\/ul>\n\n\n\n<div style=\"height:40px\" aria-hidden=\"true\" class=\"wp-block-spacer\"><\/div>\n\n\n\n<h4 class=\"has-text-align-center\" id=\"visite\"><strong>Visite<\/strong><\/h4>\n\n\n\n<div class=\"wp-block-image is-style-default\"><figure class=\"aligncenter size-full\"><a href=\"https:\/\/www.jogoremoto.pt\/\"><img loading=\"lazy\" width=\"180\" height=\"180\" src=\"https:\/\/www.jogoremoto.pt\/site\/wp-content\/uploads\/2023\/01\/VISITE-1.jpg\" alt=\"\" class=\"wp-image-24806\" srcset=\"https:\/\/www.jogoremoto.pt\/site\/wp-content\/uploads\/2023\/01\/VISITE-1.jpg 180w, https:\/\/www.jogoremoto.pt\/site\/wp-content\/uploads\/2023\/01\/VISITE-1-300x300.jpg 300w, https:\/\/www.jogoremoto.pt\/site\/wp-content\/uploads\/2023\/01\/VISITE-1-1024x1024.jpg 1024w, https:\/\/www.jogoremoto.pt\/site\/wp-content\/uploads\/2023\/01\/VISITE-1-150x150.jpg 150w, https:\/\/www.jogoremoto.pt\/site\/wp-content\/uploads\/2023\/01\/VISITE-1-768x768.jpg 768w, https:\/\/www.jogoremoto.pt\/site\/wp-content\/uploads\/2023\/01\/VISITE-1-1536x1536.jpg 1536w, https:\/\/www.jogoremoto.pt\/site\/wp-content\/uploads\/2023\/01\/VISITE-1-2048x2048.jpg 2048w\" sizes=\"(max-width: 180px) 100vw, 180px\" \/><\/a><\/figure><\/div>\n\n\n\n<p class=\"has-text-align-right\"><div class=\"rule\"><span class=\"top\">top<\/span><\/div><\/p>\n","protected":false},"excerpt":{"rendered":"<p>O Tratado de Estado sobre o Jogo Uma vez que a Internet tornou o jogo e as apostas facilmente acess\u00edveis atrav\u00e9s das fronteiras estatais, as diferentes legisla\u00e7\u00f5es estatais deixaram de ser suficientes. Por conseguinte, Em 2008, foi adotada a primeira vers\u00e3o do Tratado de Estado sobre o Jogo. Como o seu prazo era limitado e [&hellip;]<\/p>\n","protected":false},"author":1,"featured_media":0,"parent":0,"menu_order":0,"comment_status":"closed","ping_status":"closed","template":"","meta":[],"_links":{"self":[{"href":"https:\/\/www.jogoremoto.pt\/site\/wp-json\/wp\/v2\/pages\/26475"}],"collection":[{"href":"https:\/\/www.jogoremoto.pt\/site\/wp-json\/wp\/v2\/pages"}],"about":[{"href":"https:\/\/www.jogoremoto.pt\/site\/wp-json\/wp\/v2\/types\/page"}],"author":[{"embeddable":true,"href":"https:\/\/www.jogoremoto.pt\/site\/wp-json\/wp\/v2\/users\/1"}],"replies":[{"embeddable":true,"href":"https:\/\/www.jogoremoto.pt\/site\/wp-json\/wp\/v2\/comments?post=26475"}],"version-history":[{"count":19,"href":"https:\/\/www.jogoremoto.pt\/site\/wp-json\/wp\/v2\/pages\/26475\/revisions"}],"predecessor-version":[{"id":26761,"href":"https:\/\/www.jogoremoto.pt\/site\/wp-json\/wp\/v2\/pages\/26475\/revisions\/26761"}],"wp:attachment":[{"href":"https:\/\/www.jogoremoto.pt\/site\/wp-json\/wp\/v2\/media?parent=26475"}],"curies":[{"name":"wp","href":"https:\/\/api.w.org\/{rel}","templated":true}]}}