{"id":25654,"date":"2023-01-10T08:46:49","date_gmt":"2023-01-10T08:46:49","guid":{"rendered":"https:\/\/www.jogoremoto.pt\/site\/?page_id=25654"},"modified":"2023-01-12T16:58:46","modified_gmt":"2023-01-12T16:58:46","slug":"oferta-nao-licenciada-em-portugal-jogo-do-bingo-online","status":"publish","type":"page","link":"https:\/\/www.jogoremoto.pt\/site\/oferta-nao-licenciada-em-portugal-jogo-do-bingo-online\/","title":{"rendered":"Oferta n\u00e3o Licenciada em Portugal &#8211; Jogo do Bingo Online"},"content":{"rendered":"\n<h4 id=\"operadores-sem-licencas-em-portugal\"><strong> OPERADORES SEM LICEN\u00c7AS EM PORTUGAL <\/strong><\/h4>\n\n\n\n<div style=\"height:41px\" aria-hidden=\"true\" class=\"wp-block-spacer\"><\/div>\n\n\n\n<p class=\"has-medium-font-size\">A explora\u00e7\u00e3o de jogos e apostas online por operadores reconhecidos por outros Estados-Membros da Uni\u00e3o Europeia depende da atribui\u00e7\u00e3o de licen\u00e7a pela entidade de controlo, inspe\u00e7\u00e3o e regula\u00e7\u00e3o, n\u00e3o sendo v\u00e1lidas em Portugal as licen\u00e7as ou quaisquer outros t\u00edtulos habilitantes atribu\u00eddos por outros Estados (Decreto-lei n\u00ba 66\/2015&nbsp;\u2013 <a href=\"http:\/\/www.jogoremoto.pt\/site\/wp-content\/uploads\/2022\/01\/Artigo-9\u00ba-Jogo-online-Atribui\u00e7\u00e3o-da-explora\u00e7\u00e3o....jpg\">Artigo 9.\u00ba<\/a>)<\/p>\n\n\n\n<div style=\"height:40px\" aria-hidden=\"true\" class=\"wp-block-spacer\"><\/div>\n\n\n\n<p class=\"has-white-color has-vivid-red-background-color has-text-color has-background\" style=\"font-size:30px\">Jogo do bingo online sem licen\u00e7as emitidas pela entidade de controlo, inspe\u00e7\u00e3o e regula\u00e7\u00e3o em Portugal: <\/p>\n\n\n\n<div style=\"height:40px\" aria-hidden=\"true\" class=\"wp-block-spacer\"><\/div>\n\n\n\n<p class=\"has-very-light-gray-background-color has-background has-medium-font-size\"><strong>0,1,2,3&#8230;<\/strong><\/p>\n\n\n\n<p class=\"has-very-light-gray-background-color has-background has-medium-font-size\"><strong>A<\/strong><\/p>\n\n\n\n<p class=\"has-very-light-gray-background-color has-background has-medium-font-size\"><strong>B<\/strong><\/p>\n\n\n\n<p class=\"has-very-light-gray-background-color has-background has-medium-font-size\"><strong>C<\/strong><\/p>\n\n\n\n<p class=\"has-very-light-gray-background-color has-background has-medium-font-size\"><strong>D<\/strong><\/p>\n\n\n\n<p class=\"has-very-light-gray-background-color has-background has-medium-font-size\"><strong>E<\/strong><\/p>\n\n\n\n<p class=\"has-very-light-gray-background-color has-background has-medium-font-size\"><strong>G<\/strong><\/p>\n\n\n\n<p class=\"has-very-light-gray-background-color has-background has-medium-font-size\"><strong>H<\/strong><\/p>\n\n\n\n<p class=\"has-very-light-gray-background-color has-background has-medium-font-size\"><strong>I<\/strong><\/p>\n\n\n\n<p class=\"has-very-light-gray-background-color has-background has-medium-font-size\"><strong>J<\/strong><\/p>\n\n\n\n<p class=\"has-very-light-gray-background-color has-background has-medium-font-size\"><strong>K<\/strong><\/p>\n\n\n\n<p class=\"has-very-light-gray-background-color has-background has-medium-font-size\"><strong>L<\/strong><\/p>\n\n\n\n<p class=\"has-very-light-gray-background-color has-background has-medium-font-size\"><strong>M<\/strong><\/p>\n\n\n\n<p class=\"has-very-light-gray-background-color has-background has-medium-font-size\"><strong>N<\/strong><\/p>\n\n\n\n<p class=\"has-very-light-gray-background-color has-background has-medium-font-size\"><strong>O<\/strong><\/p>\n\n\n\n<p class=\"has-very-light-gray-background-color has-background has-medium-font-size\"><strong>P<\/strong><\/p>\n\n\n\n<p class=\"has-very-light-gray-background-color has-background has-medium-font-size\"><strong>Q<\/strong><\/p>\n\n\n\n<p class=\"has-very-light-gray-background-color has-background has-medium-font-size\"><strong>R<\/strong><\/p>\n\n\n\n<p class=\"has-very-light-gray-background-color has-background has-medium-font-size\"><strong>S<\/strong><\/p>\n\n\n\n<p class=\"has-very-light-gray-background-color has-background has-medium-font-size\"><strong>T<\/strong><\/p>\n\n\n\n<p class=\"has-very-light-gray-background-color has-background has-medium-font-size\"><strong>U<\/strong><\/p>\n\n\n\n<p class=\"has-very-light-gray-background-color has-background has-medium-font-size\"><strong>V<\/strong><\/p>\n\n\n\n<p class=\"has-very-light-gray-background-color has-background has-medium-font-size\"><strong>W<\/strong><\/p>\n\n\n\n<p class=\"has-very-light-gray-background-color has-background has-medium-font-size\"><strong>X<\/strong><\/p>\n\n\n\n<p class=\"has-very-light-gray-background-color has-background has-medium-font-size\"><strong>Y<\/strong><\/p>\n\n\n\n<p class=\"has-very-light-gray-background-color has-background has-medium-font-size\"><strong>Z<\/strong><\/p>\n\n\n\n<p><strong>Consulta:<\/strong><br>Casino City<\/p>\n\n\n\n<div style=\"height:40px\" aria-hidden=\"true\" class=\"wp-block-spacer\"><\/div>\n\n\n\n<h3 class=\"has-text-align-center\" id=\"visite\">Visite<\/h3>\n\n\n\n<div class=\"wp-block-image is-style-default\"><figure class=\"aligncenter size-full\"><a href=\"https:\/\/www.jogoremoto.pt\/\"><img loading=\"lazy\" width=\"180\" height=\"180\" src=\"https:\/\/www.jogoremoto.pt\/site\/wp-content\/uploads\/2023\/01\/VISITE-1.jpg\" alt=\"\" class=\"wp-image-24806\" srcset=\"https:\/\/www.jogoremoto.pt\/site\/wp-content\/uploads\/2023\/01\/VISITE-1.jpg 180w, https:\/\/www.jogoremoto.pt\/site\/wp-content\/uploads\/2023\/01\/VISITE-1-300x300.jpg 300w, https:\/\/www.jogoremoto.pt\/site\/wp-content\/uploads\/2023\/01\/VISITE-1-1024x1024.jpg 1024w, https:\/\/www.jogoremoto.pt\/site\/wp-content\/uploads\/2023\/01\/VISITE-1-150x150.jpg 150w, https:\/\/www.jogoremoto.pt\/site\/wp-content\/uploads\/2023\/01\/VISITE-1-768x768.jpg 768w, https:\/\/www.jogoremoto.pt\/site\/wp-content\/uploads\/2023\/01\/VISITE-1-1536x1536.jpg 1536w, https:\/\/www.jogoremoto.pt\/site\/wp-content\/uploads\/2023\/01\/VISITE-1-2048x2048.jpg 2048w\" sizes=\"(max-width: 180px) 100vw, 180px\" \/><\/a><\/figure><\/div>\n\n\n\n<p class=\"has-text-align-right\"><div class=\"rule\"><span class=\"top\">top<\/span><\/div><\/p>\n","protected":false},"excerpt":{"rendered":"<p>OPERADORES SEM LICEN\u00c7AS EM PORTUGAL A explora\u00e7\u00e3o de jogos e apostas online por operadores reconhecidos por outros Estados-Membros da Uni\u00e3o Europeia depende da atribui\u00e7\u00e3o de licen\u00e7a pela entidade de controlo, inspe\u00e7\u00e3o e regula\u00e7\u00e3o, n\u00e3o sendo v\u00e1lidas em Portugal as licen\u00e7as ou quaisquer outros t\u00edtulos habilitantes atribu\u00eddos por outros Estados (Decreto-lei n\u00ba 66\/2015&nbsp;\u2013 Artigo 9.\u00ba) Jogo [&hellip;]<\/p>\n","protected":false},"author":1,"featured_media":0,"parent":0,"menu_order":0,"comment_status":"closed","ping_status":"closed","template":"","meta":[],"_links":{"self":[{"href":"https:\/\/www.jogoremoto.pt\/site\/wp-json\/wp\/v2\/pages\/25654"}],"collection":[{"href":"https:\/\/www.jogoremoto.pt\/site\/wp-json\/wp\/v2\/pages"}],"about":[{"href":"https:\/\/www.jogoremoto.pt\/site\/wp-json\/wp\/v2\/types\/page"}],"author":[{"embeddable":true,"href":"https:\/\/www.jogoremoto.pt\/site\/wp-json\/wp\/v2\/users\/1"}],"replies":[{"embeddable":true,"href":"https:\/\/www.jogoremoto.pt\/site\/wp-json\/wp\/v2\/comments?post=25654"}],"version-history":[{"count":3,"href":"https:\/\/www.jogoremoto.pt\/site\/wp-json\/wp\/v2\/pages\/25654\/revisions"}],"predecessor-version":[{"id":25857,"href":"https:\/\/www.jogoremoto.pt\/site\/wp-json\/wp\/v2\/pages\/25654\/revisions\/25857"}],"wp:attachment":[{"href":"https:\/\/www.jogoremoto.pt\/site\/wp-json\/wp\/v2\/media?parent=25654"}],"curies":[{"name":"wp","href":"https:\/\/api.w.org\/{rel}","templated":true}]}}