{"id":20544,"date":"2019-01-30T23:55:52","date_gmt":"2019-01-30T23:55:52","guid":{"rendered":"http:\/\/www.jogoremoto.pt\/site\/?page_id=20544"},"modified":"2023-01-12T16:38:36","modified_gmt":"2023-01-12T16:38:36","slug":"888-pt-conformidade","status":"publish","type":"page","link":"https:\/\/www.jogoremoto.pt\/site\/888-pt-conformidade\/","title":{"rendered":"Conformidade &#8211; 888.pt"},"content":{"rendered":"\n<h2 id=\"monitorizacao\"><strong>MONITORIZA\u00c7\u00c3O<\/strong><\/h2>\n\n\n\n<div style=\"height:40px\" aria-hidden=\"true\" class=\"wp-block-spacer\"><\/div>\n\n\n\n<p><strong>An\u00e1lise de conformidade com vista \u00e0 prote\u00e7\u00e3o dos utilizadores de servi\u00e7os de jogo online e \u00e0 preven\u00e7\u00e3o do acesso dos menores aos jogos de fortuna ou azar online.<\/strong><\/p>\n\n\n\n<h6 id=\"informacao-exibida-de-forma-destacada-na-pagina-inicial-do-sitio-de-jogo-e-apostas-888-pt\"><span style=\"color: #000000;\">INFORMA\u00c7\u00c3O EXIBIDA DE FORMA DESTACADA NA P\u00c1GINA IN\u00cdCIAL DO S\u00cdTIO DE JOGO E APOSTAS \u2018888.PT\u2019:<\/span><\/h6>\n\n\n\n<figure class=\"wp-block-image size-full is-resized is-style-default\"><a href=\"https:\/\/www.jogoremoto.pt\/site\/wp-content\/uploads\/2023\/01\/Conformidade-888-Rodape.jpg\"><img loading=\"lazy\" src=\"https:\/\/www.jogoremoto.pt\/site\/wp-content\/uploads\/2023\/01\/Conformidade-888-Rodape.jpg\" alt=\"\" class=\"wp-image-24915\" width=\"1024\" height=\"467\" srcset=\"https:\/\/www.jogoremoto.pt\/site\/wp-content\/uploads\/2023\/01\/Conformidade-888-Rodape.jpg 1024w, https:\/\/www.jogoremoto.pt\/site\/wp-content\/uploads\/2023\/01\/Conformidade-888-Rodape-768x350.jpg 768w\" sizes=\"(max-width: 1024px) 100vw, 1024px\" \/><\/a><\/figure>\n\n\n\n<div style=\"height:20px\" aria-hidden=\"true\" class=\"wp-block-spacer\"><\/div>\n\n\n\n<h6 class=\"has-black-color has-text-color\" id=\"1-dados-referentes-a-autoridade-reguladora\"><mark style=\"background-color:rgba(0, 0, 0, 0)\" class=\"has-inline-color has-vivid-red-color\">1. <\/mark>DADOS REFERENTES \u00c0 AUTORIDADE REGULADORA\u00a0 \u00a0<\/h6>\n\n\n\n<h6 id=\"logotipo-e-dados-referentes-a-entidade-reguladora-em-materia-de-jogo-a-fim-de-demonstrar-que-a-sua-oferta-esta-autorizada\">Log\u00f3tipo e dados referentes \u00e0 entidade reguladora em mat\u00e9ria de jogo a fim de demonstrar que a sua oferta est\u00e1 autorizada.<\/h6>\n\n\n\n<h6 id=\"2-identificacao-da-empresa\"><mark style=\"background-color:rgba(0, 0, 0, 0)\" class=\"has-inline-color has-vivid-red-color\">2.<\/mark>\u00a0IDENTIFICA\u00c7\u00c3O DA EMPRESA<\/h6>\n\n\n\n<h6 id=\"dados-relativos-a-empresa-de-forma-a-assegurar-que-esta-e-identificavel-e-pode-ser-contactada\">Dados relativos \u00e0 empresa de forma a assegurar que esta \u00e9 identific\u00e1vel e pode ser contactada.<\/h6>\n\n\n\n<h6 id=\"3-sinal-de-jogo-interdito-a-menores\"><mark style=\"background-color:rgba(0, 0, 0, 0)\" class=\"has-inline-color has-vivid-red-color\">3.<\/mark>\u00a0SINAL DE \u201cJOGO INTERDITO A MENORES\u201d\u00a0<\/h6>\n\n\n\n<h6 id=\"evidencia-a-idade-minima-abaixo-da-qual-o-jogo-nao-e-permitido\">&nbsp;Evidencia a idade m\u00ednima abaixo da qual o jogo n\u00e3o \u00e9 permitido.<\/h6>\n\n\n\n<h6 id=\"4-mensagem-de-jogo-responsavel\"><mark style=\"background-color:rgba(0, 0, 0, 0)\" class=\"has-inline-color has-vivid-red-color\">4.<\/mark><strong>\u00a0<\/strong>MENSAGEM DE JOGO RESPONS\u00c1VEL<\/h6>\n\n\n\n<h6 id=\"hiperligacao-para-uma-mensagem-de-jogo-responsavel-que-com-um-clique-apenas-disponibiliza-informacao-de-que-o-jogo-pode-ser-nocivo-quando-nao-controlado-informacao-sobre-medidas-de-apoio-ao-jogador-testes-de-autoavaliacao-para-o-jogador-poder-verificar-o-seu-comportamento-de-jogo\">Hiperliga\u00e7\u00e3o para uma &#8220;mensagem de Jogo Respons\u00e1vel&#8221; que, com um clique apenas, disponibiliza: Informa\u00e7\u00e3o de que o jogo pode ser nocivo quando n\u00e3o controlado; Informa\u00e7\u00e3o sobre medidas de apoio ao jogador; Testes de autoavalia\u00e7\u00e3o para o jogador poder verificar o seu comportamento de jogo.<\/h6>\n\n\n\n<h6 id=\"5-informacoes-e-assistencia\"><mark style=\"background-color:rgba(0, 0, 0, 0)\" class=\"has-inline-color has-vivid-red-color\">5.<\/mark>\u00a0INFORMA\u00c7\u00d5ES E ASSIST\u00caNCIA<\/h6>\n\n\n\n<h6 id=\"ligacao-para-no-minimo-uma-organizacao-que-fornece-informacoes-e-assistencia-relativamente-as-perturbacoes-de-comportamento-associadas-ao-jogo\">Liga\u00e7\u00e3o para, no m\u00ednimo, uma organiza\u00e7\u00e3o que fornece informa\u00e7\u00f5es e assist\u00eancia relativamente \u00e0s perturba\u00e7\u00f5es de comportamento associadas ao jogo.<\/h6>\n\n\n\n<h6 id=\"6-termos-e-condicoes-da-relacao-contratual\"><mark style=\"background-color:rgba(0, 0, 0, 0)\" class=\"has-inline-color has-vivid-red-color\">6.<\/mark>\u00a0TERMOS E CONDI\u00c7\u00d5ES DA RELA\u00c7\u00c3O CONTRATUAL<\/h6>\n\n\n\n<h6 id=\"hiperligacao-para-a-pagina-de-termos-e-condicoes-da-relacao-contratual-entre-a-empresa-e-o-consumidor\">Hiperliga\u00e7\u00e3o para a p\u00e1gina de &#8220;Termos e Condi\u00e7\u00f5es&#8221; da rela\u00e7\u00e3o contratual entre a empresa e o consumidor.<\/h6>\n\n\n\n<h6 id=\"7-regras-relativas-aos-jogos-e-apostas\"><mark style=\"background-color:rgba(0, 0, 0, 0)\" class=\"has-inline-color has-vivid-red-color\">7.<\/mark><strong>\u00a0<\/strong>REGRAS RELATIVAS AOS JOGOS E APOSTAS\u00a0<\/h6>\n\n\n\n<h6 id=\"hiperligacao-para-uma-pagina-de-informacao-sobre-as-regras-relativas-aos-jogos-e-apostas-oferecidos-no-seu-sitio\">Hiperliga\u00e7\u00e3o para uma p\u00e1gina de informa\u00e7\u00e3o sobre as regras relativas aos jogos e apostas oferecidos no seu s\u00edtio.<\/h6>\n\n\n\n<h6 id=\"8-politica-de-privacidade\"><mark style=\"background-color:rgba(0, 0, 0, 0)\" class=\"has-inline-color has-vivid-red-color\">8.<\/mark>\u00a0POL\u00cdTICA DE PRIVACIDADE<\/h6>\n\n\n\n<h6 id=\"hiperligacao-para-uma-pagina-de-informacao-sobre-a-politica-de-privacidade-da-empresa\">Hiperliga\u00e7\u00e3o para uma p\u00e1gina de informa\u00e7\u00e3o sobre a pol\u00edtica de privacidade da empresa.<\/h6>\n\n\n\n<h6 id=\"9-politica-de-bonus\"><mark style=\"background-color:rgba(0, 0, 0, 0)\" class=\"has-inline-color has-vivid-red-color\">9.<\/mark>\u00a0POL\u00cdTICA DE B\u00d3NUS<\/h6>\n\n\n\n<h6 id=\"hiperligacao-para-uma-pagina-de-informacao-sobre-a-politica-de-bonus-da-empresa\">Hiperliga\u00e7\u00e3o para uma p\u00e1gina de informa\u00e7\u00e3o sobre a pol\u00edtica de b\u00f3nus da empresa.<\/h6>\n\n\n\n<div style=\"height:40px\" aria-hidden=\"true\" class=\"wp-block-spacer\"><\/div>\n\n\n\n<h2 id=\"protecao-dos-consumidores\"><strong>PROTE\u00c7\u00c3O DOS CONSUMIDORES<\/strong><\/h2>\n\n\n\n<div style=\"height:40px\" aria-hidden=\"true\" class=\"wp-block-spacer\"><\/div>\n\n\n\n<p>A ind\u00fastria dos Jogos de Fortuna ou Azar dever\u00e1 responder de forma coerente \u00e0s iniciativas desenvolvidas a n\u00edvel europeu, em particular&nbsp;a&nbsp;<span style=\"color: #ff6600;\"><a style=\"color: #ff6600;\" href=\"http:\/\/www.jogoseguro.pt\/wp-content\/uploads\/2016\/05\/RECOMENDA%C3%87%C3%83O-DA-COMISS%C3%83O-DE-14-DE-JULHO-DE-2014.pdf\">Recomenda\u00e7\u00e3o da Comiss\u00e3o Europeia de 14 de julho de 2014<\/a><\/span>, sobre princ\u00edpios para a prote\u00e7\u00e3o dos consumidores e utilizadores de servi\u00e7os de jogos e apostas online e preven\u00e7\u00e3o do jogo entre menores de idade. Este documento, que reflete os trabalhos anteriores da Comiss\u00e3o e do Parlamento Europeu, prop\u00f5e aos diferentes Estados-Membros a ado\u00e7\u00e3o de um elenco de medidas com o objetivo de proteger o consumidor e o cidad\u00e3o em geral, com particular \u00eanfase nos coletivos suscet\u00edveis de considera\u00e7\u00e3o especial.<\/p>\n\n\n\n<p>Em Portugal, os&nbsp;operadores de jogo online, em cumprimento com o disposto no<span style=\"color: #ff6600;\"><a style=\"color: #ff6600;\" href=\"http:\/\/www.jogoseguro.pt\/wp-content\/uploads\/2017\/12\/ARTIGO-7-DEC-LEI-66_2015.pdf\">&nbsp;Decreto-Lei 66\/2015 de 29 de abril de 2015<\/a><\/span>, sobre \u2018Pol\u00edtica de Jogo Respons\u00e1vel\u2019,&nbsp;est\u00e3o obrigados a introduzir um conjunto de regras e procedimentos para tornar o jogo seguro e respons\u00e1vel.<\/p>\n\n\n\n<div style=\"height:40px\" aria-hidden=\"true\" class=\"wp-block-spacer\"><\/div>\n\n\n\n<h3 class=\"has-text-align-center\" id=\"visite\">Visite<\/h3>\n\n\n\n<div class=\"wp-block-image is-style-default\"><figure class=\"aligncenter size-full\"><a href=\"https:\/\/www.jogoremoto.pt\/\"><img loading=\"lazy\" width=\"180\" height=\"180\" src=\"https:\/\/www.jogoremoto.pt\/site\/wp-content\/uploads\/2023\/01\/VISITE-1.jpg\" alt=\"\" class=\"wp-image-24806\" srcset=\"https:\/\/www.jogoremoto.pt\/site\/wp-content\/uploads\/2023\/01\/VISITE-1.jpg 180w, https:\/\/www.jogoremoto.pt\/site\/wp-content\/uploads\/2023\/01\/VISITE-1-300x300.jpg 300w, https:\/\/www.jogoremoto.pt\/site\/wp-content\/uploads\/2023\/01\/VISITE-1-1024x1024.jpg 1024w, https:\/\/www.jogoremoto.pt\/site\/wp-content\/uploads\/2023\/01\/VISITE-1-150x150.jpg 150w, https:\/\/www.jogoremoto.pt\/site\/wp-content\/uploads\/2023\/01\/VISITE-1-768x768.jpg 768w, https:\/\/www.jogoremoto.pt\/site\/wp-content\/uploads\/2023\/01\/VISITE-1-1536x1536.jpg 1536w, https:\/\/www.jogoremoto.pt\/site\/wp-content\/uploads\/2023\/01\/VISITE-1-2048x2048.jpg 2048w\" sizes=\"(max-width: 180px) 100vw, 180px\" \/><\/a><\/figure><\/div>\n\n\n\n<p class=\"has-text-align-right\"><div class=\"rule\"><span class=\"top\">top<\/span><\/div><\/p>\n","protected":false},"excerpt":{"rendered":"<p>MONITORIZA\u00c7\u00c3O An\u00e1lise de conformidade com vista \u00e0 prote\u00e7\u00e3o dos utilizadores de servi\u00e7os de jogo online e \u00e0 preven\u00e7\u00e3o do acesso dos menores aos jogos de fortuna ou azar online. INFORMA\u00c7\u00c3O EXIBIDA DE FORMA DESTACADA NA P\u00c1GINA IN\u00cdCIAL DO S\u00cdTIO DE JOGO E APOSTAS \u2018888.PT\u2019: 1. DADOS REFERENTES \u00c0 AUTORIDADE REGULADORA\u00a0 \u00a0 Log\u00f3tipo e dados referentes [&hellip;]<\/p>\n","protected":false},"author":1,"featured_media":0,"parent":0,"menu_order":0,"comment_status":"closed","ping_status":"closed","template":"","meta":[],"_links":{"self":[{"href":"https:\/\/www.jogoremoto.pt\/site\/wp-json\/wp\/v2\/pages\/20544"}],"collection":[{"href":"https:\/\/www.jogoremoto.pt\/site\/wp-json\/wp\/v2\/pages"}],"about":[{"href":"https:\/\/www.jogoremoto.pt\/site\/wp-json\/wp\/v2\/types\/page"}],"author":[{"embeddable":true,"href":"https:\/\/www.jogoremoto.pt\/site\/wp-json\/wp\/v2\/users\/1"}],"replies":[{"embeddable":true,"href":"https:\/\/www.jogoremoto.pt\/site\/wp-json\/wp\/v2\/comments?post=20544"}],"version-history":[{"count":11,"href":"https:\/\/www.jogoremoto.pt\/site\/wp-json\/wp\/v2\/pages\/20544\/revisions"}],"predecessor-version":[{"id":25849,"href":"https:\/\/www.jogoremoto.pt\/site\/wp-json\/wp\/v2\/pages\/20544\/revisions\/25849"}],"wp:attachment":[{"href":"https:\/\/www.jogoremoto.pt\/site\/wp-json\/wp\/v2\/media?parent=20544"}],"curies":[{"name":"wp","href":"https:\/\/api.w.org\/{rel}","templated":true}]}}