{"id":19143,"date":"2018-10-17T04:14:06","date_gmt":"2018-10-17T04:14:06","guid":{"rendered":"http:\/\/www.jogoremoto.pt\/site\/?page_id=19143"},"modified":"2023-01-12T16:04:08","modified_gmt":"2023-01-12T16:04:08","slug":"responsabilidade-social-marketing-responsavel","status":"publish","type":"page","link":"https:\/\/www.jogoremoto.pt\/site\/responsabilidade-social-marketing-responsavel\/","title":{"rendered":"Recomenda\u00e7\u00f5es &#8211; Marketing Respons\u00e1vel"},"content":{"rendered":"\n<p class=\"has-text-align-right has-vivid-red-color has-text-color has-small-font-size\"> Atualiza\u00e7\u00e3o em janeiro de 2022 <\/p>\n\n\n\n<h4 id=\"jogo-seguro-e-responsavel\"><strong>JOGO SEGURO E RESPONS\u00c1VEL<\/strong><\/h4>\n\n\n\n<h5 id=\"os-operadores-de-jogo-online-deverao-introduzir-voluntariamente-um-conjunto-de-regras-e-procedimentos-para-tornar-o-jogo-seguro-e-responsavel\">Os operadores de jogo online dever\u00e3o introduzir voluntariamente um conjunto de regras e procedimentos para tornar o jogo seguro e respons\u00e1vel.<\/h5>\n\n\n\n<div style=\"height:20px\" aria-hidden=\"true\" class=\"wp-block-spacer\"><\/div>\n\n\n\n<h4 id=\"recomendacoes\">RECOMENDA\u00c7\u00d5ES<\/h4>\n\n\n\n<div class=\"wp-block-media-text alignwide is-stacked-on-mobile has-cyan-bluish-gray-background-color has-background\" style=\"grid-template-columns:23% auto\"><figure class=\"wp-block-media-text__media\"><img loading=\"lazy\" width=\"1024\" height=\"1024\" src=\"https:\/\/www.jogoremoto.pt\/site\/wp-content\/uploads\/2022\/01\/7-\u2013-Marketing-respons\u00e1vel-1024x1024.jpg\" alt=\"\" class=\"wp-image-23262 size-full\" srcset=\"https:\/\/www.jogoremoto.pt\/site\/wp-content\/uploads\/2022\/01\/7-\u2013-Marketing-respons\u00e1vel-1024x1024.jpg 1024w, https:\/\/www.jogoremoto.pt\/site\/wp-content\/uploads\/2022\/01\/7-\u2013-Marketing-respons\u00e1vel-300x300.jpg 300w, https:\/\/www.jogoremoto.pt\/site\/wp-content\/uploads\/2022\/01\/7-\u2013-Marketing-respons\u00e1vel-150x150.jpg 150w, https:\/\/www.jogoremoto.pt\/site\/wp-content\/uploads\/2022\/01\/7-\u2013-Marketing-respons\u00e1vel-1536x1536.jpg 1536w, https:\/\/www.jogoremoto.pt\/site\/wp-content\/uploads\/2022\/01\/7-\u2013-Marketing-respons\u00e1vel-2048x2048.jpg 2048w\" sizes=\"(max-width: 1024px) 100vw, 1024px\" \/><\/figure><div class=\"wp-block-media-text__content\">\n<p class=\"has-medium-font-size\">Conte\u00fado Publicit\u00e1rio.<\/p>\n\n\n\n<p class=\"has-medium-font-size\">Atividade de Marketing n\u00e3o Autorizada.<\/p>\n\n\n\n<p class=\"has-medium-font-size\">Atividades de Marketing por Terceiros.<\/p>\n<\/div><\/div>\n\n\n\n<div style=\"height:40px\" aria-hidden=\"true\" class=\"wp-block-spacer\"><\/div>\n\n\n\n<p class=\"has-very-light-gray-color has-very-dark-gray-background-color has-text-color has-background has-medium-font-size\">CONTE\u00daDO PUBLICIT\u00c1RIO <\/p>\n\n\n\n<p class=\"has-cyan-bluish-gray-background-color has-background has-medium-font-size\"><strong>7.1<\/strong>&nbsp;\u2013 Os an\u00fancios dos operadores de jogo e apostas online licenciados devem conter informa\u00e7\u00e3o factualmente correta e n\u00e3o serem falsos ou falaciosos, especialmente no que respeita aos ganhos dos clientes.<\/p>\n\n\n\n<p class=\"has-background has-medium-font-size\" style=\"background-color:#c1c1c1\"><strong>7.2<\/strong>&nbsp;\u2013 Os an\u00fancios dos operadores de jogo e apostas online licenciados n\u00e3o devem estimular o jogo a menores nem estarem dispon\u00edveis em canais de media especificamente dirigidos a menores.<\/p>\n\n\n\n<p class=\"has-cyan-bluish-gray-background-color has-background has-medium-font-size\"><strong>7.3<\/strong>&nbsp;\u2013 Os clientes n\u00e3o devem ser incentivados a recuperarem as suas perdas ou reinvestirem os seus ganhos e em nenhum momento deve ser sugerido que o jogo \u00e9 uma forma de resolver dificuldades financeiras.<\/p>\n\n\n\n<p class=\"has-background has-medium-font-size\" style=\"background-color:#c1c1c1\"><strong>7.4<\/strong>&nbsp;\u2013 Os an\u00fancios e os conte\u00fados promocionais dos operadores de jogo e apostas online licenciados devem estar dentro do esp\u00edrito do jogo respons\u00e1vel.<\/p>\n\n\n\n<p class=\"has-cyan-bluish-gray-background-color has-background has-medium-font-size\"><strong>7.5<\/strong>&nbsp;\u2013 Os operadores de jogo e apostas online licenciados devem garantir que os termos e condi\u00e7\u00f5es aplic\u00e1veis \u00e0s atividades promocionais s\u00e3o exibidos de forma clara, com men\u00e7\u00e3o da data e hora de publica\u00e7\u00e3o, e n\u00e3o s\u00e3o alterados de forma injustific\u00e1vel em fun\u00e7\u00e3o da atividade de apostas.<\/p>\n\n\n\n<p class=\"has-background has-medium-font-size\" style=\"background-color:#c1c1c1\"><strong>7.6<\/strong>&nbsp;\u2013 Os an\u00fancios diretos e a comunica\u00e7\u00e3o promocional devem conter um aviso de restri\u00e7\u00e3o de menores sempre que aplic\u00e1vel.<\/p>\n\n\n\n<div style=\"height:40px\" aria-hidden=\"true\" class=\"wp-block-spacer\"><\/div>\n\n\n\n<p class=\"has-very-light-gray-color has-very-dark-gray-background-color has-text-color has-background has-medium-font-size\">ATIVIDADE DE MARKETING N\u00c3O AUTORIZADA<\/p>\n\n\n\n<p class=\"has-cyan-bluish-gray-background-color has-background has-medium-font-size\"><strong>7.7<\/strong>&nbsp;Os operadores de jogo e apostas online licenciados devem garantir que os an\u00fancios de b\u00f3nus, os e-mails ou SMS enviados t\u00eam uma funcionalidade cancelamento da subscri\u00e7\u00e3o ou autoexclus\u00e3o.<\/p>\n\n\n\n<p class=\"has-background has-medium-font-size\" style=\"background-color:#c1c1c1\"><strong>7.8<\/strong>&nbsp;Os operadores de jogo e apostas online licenciados n\u00e3o devem abusar da rela\u00e7\u00e3o com os seus clientes para qualquer atividade n\u00e3o autorizada no sistema inform\u00e1tico do cliente, nomeadamente abstendo-se da distribui\u00e7\u00e3o de publicidade n\u00e3o solicitada (por exemplo, SPAM), quer diretamente ou atrav\u00e9s de terceiros.<\/p>\n\n\n\n<div style=\"height:40px\" aria-hidden=\"true\" class=\"wp-block-spacer\"><\/div>\n\n\n\n<p class=\"has-very-light-gray-color has-very-dark-gray-background-color has-text-color has-background has-medium-font-size\">ATIVIDADES DE MARKETING POR TERCEIROS<\/p>\n\n\n\n<p class=\"has-cyan-bluish-gray-background-color has-background has-medium-font-size\"><strong>7.9<\/strong>&nbsp;Os operadores de jogo e apostas online licenciados devem garantir que um afiliado e\/ou terceiro que realize atividades publicit\u00e1rias em seu nome est\u00e1 consciente e disposto a tomar as medidas necess\u00e1rias para cumprir as medidas de controlo previstas nestas recomenda\u00e7\u00f5es.<\/p>\n\n\n\n<p class=\"has-background has-medium-font-size\" style=\"background-color:#c1c1c1\"><strong>7.10&nbsp;<\/strong>Os operadores de jogo e apostas online licenciados devem garantir que se tiverem conhecimento que um afiliado e\/ou terceiro age de forma as medidas de controlo previstas nestas recomenda\u00e7\u00f5es, toma todos os passos necess\u00e1rios para garantir que estes cessam esse comportamento ou que o contrato com o afiliado e\/ou terceiro \u00e9 rescindido.<\/p>\n\n\n\n<p class=\"has-vivid-red-color has-text-color\"><a href=\"http:\/\/www.jogoremoto.pt\/site\/wp-content\/uploads\/2022\/01\/Marketing-Respons%C3%A1vel-_-Observat%C3%B3rio-do-Jogo-Respons%C3%A1vel.pdf\"><img loading=\"lazy\" width=\"1024\" height=\"1024\" class=\"wp-image-10567\" style=\"width: 80px;\" src=\"https:\/\/www.jogoremoto.pt\/site\/wp-content\/uploads\/2015\/07\/PDF-icon.png\" alt=\"\" srcset=\"https:\/\/www.jogoremoto.pt\/site\/wp-content\/uploads\/2015\/07\/PDF-icon.png 1024w, https:\/\/www.jogoremoto.pt\/site\/wp-content\/uploads\/2015\/07\/PDF-icon-150x150.png 150w, https:\/\/www.jogoremoto.pt\/site\/wp-content\/uploads\/2015\/07\/PDF-icon-300x300.png 300w\" sizes=\"(max-width: 1024px) 100vw, 1024px\" \/><\/a> <strong><a href=\"http:\/\/www.jogoremoto.pt\/site\/wp-content\/uploads\/2022\/01\/Marketing-Respons\u00e1vel-_-Observat\u00f3rio-do-Jogo-Respons\u00e1vel.pdf\">IMPRIMIR<\/a><\/strong><\/p>\n\n\n\n<div style=\"height:40px\" aria-hidden=\"true\" class=\"wp-block-spacer\"><\/div>\n\n\n\n<p class=\"has-small-font-size\"><strong>Consultas<\/strong><br>Trabalhos da Comiss\u00e3o Europeia no dom\u00ednio dos servi\u00e7os de jogo online<br>Decreto Lei n.\u00ba 66\/2015, de 29 de Abril<br>Servi\u00e7os de Regula\u00e7\u00e3o e Inspe\u00e7\u00e3o de Jogos | Turismo de Portugal<br>CEN \u2013 Comit\u00e9 Europeu de Normaliza\u00e7\u00e3o<br>European Organization for Gaming Law<br>European Gaming and Betting Association<br>European Lotteries<br>International Olympic Committee<br>Betting and Gaming Council<br>International Betting Integrity Association<br>Conselho da Europa<br>International Association of Gaming Regulators<br>e-Commerce and Online Gaming Gaming Regulations and Assurance <\/p>\n\n\n\n<div style=\"height:40px\" aria-hidden=\"true\" class=\"wp-block-spacer\"><\/div>\n\n\n\n<h3 class=\"has-text-align-center\" id=\"visite\">Visite<\/h3>\n\n\n\n<div class=\"wp-block-image is-style-default\"><figure class=\"aligncenter size-full\"><a href=\"https:\/\/www.jogoremoto.pt\/\"><img loading=\"lazy\" width=\"180\" height=\"180\" src=\"https:\/\/www.jogoremoto.pt\/site\/wp-content\/uploads\/2023\/01\/VISITE-1.jpg\" alt=\"\" class=\"wp-image-24806\" srcset=\"https:\/\/www.jogoremoto.pt\/site\/wp-content\/uploads\/2023\/01\/VISITE-1.jpg 180w, https:\/\/www.jogoremoto.pt\/site\/wp-content\/uploads\/2023\/01\/VISITE-1-300x300.jpg 300w, https:\/\/www.jogoremoto.pt\/site\/wp-content\/uploads\/2023\/01\/VISITE-1-1024x1024.jpg 1024w, https:\/\/www.jogoremoto.pt\/site\/wp-content\/uploads\/2023\/01\/VISITE-1-150x150.jpg 150w, https:\/\/www.jogoremoto.pt\/site\/wp-content\/uploads\/2023\/01\/VISITE-1-768x768.jpg 768w, https:\/\/www.jogoremoto.pt\/site\/wp-content\/uploads\/2023\/01\/VISITE-1-1536x1536.jpg 1536w, https:\/\/www.jogoremoto.pt\/site\/wp-content\/uploads\/2023\/01\/VISITE-1-2048x2048.jpg 2048w\" sizes=\"(max-width: 180px) 100vw, 180px\" \/><\/a><\/figure><\/div>\n\n\n\n<p class=\"has-text-align-right\"><div class=\"rule\"><span class=\"top\">top<\/span><\/div><\/p>\n","protected":false},"excerpt":{"rendered":"<p>Atualiza\u00e7\u00e3o em janeiro de 2022 JOGO SEGURO E RESPONS\u00c1VEL Os operadores de jogo online dever\u00e3o introduzir voluntariamente um conjunto de regras e procedimentos para tornar o jogo seguro e respons\u00e1vel. RECOMENDA\u00c7\u00d5ES Conte\u00fado Publicit\u00e1rio. Atividade de Marketing n\u00e3o Autorizada. Atividades de Marketing por Terceiros. CONTE\u00daDO PUBLICIT\u00c1RIO 7.1&nbsp;\u2013 Os an\u00fancios dos operadores de jogo e apostas online [&hellip;]<\/p>\n","protected":false},"author":1,"featured_media":0,"parent":0,"menu_order":0,"comment_status":"closed","ping_status":"closed","template":"","meta":[],"_links":{"self":[{"href":"https:\/\/www.jogoremoto.pt\/site\/wp-json\/wp\/v2\/pages\/19143"}],"collection":[{"href":"https:\/\/www.jogoremoto.pt\/site\/wp-json\/wp\/v2\/pages"}],"about":[{"href":"https:\/\/www.jogoremoto.pt\/site\/wp-json\/wp\/v2\/types\/page"}],"author":[{"embeddable":true,"href":"https:\/\/www.jogoremoto.pt\/site\/wp-json\/wp\/v2\/users\/1"}],"replies":[{"embeddable":true,"href":"https:\/\/www.jogoremoto.pt\/site\/wp-json\/wp\/v2\/comments?post=19143"}],"version-history":[{"count":26,"href":"https:\/\/www.jogoremoto.pt\/site\/wp-json\/wp\/v2\/pages\/19143\/revisions"}],"predecessor-version":[{"id":25832,"href":"https:\/\/www.jogoremoto.pt\/site\/wp-json\/wp\/v2\/pages\/19143\/revisions\/25832"}],"wp:attachment":[{"href":"https:\/\/www.jogoremoto.pt\/site\/wp-json\/wp\/v2\/media?parent=19143"}],"curies":[{"name":"wp","href":"https:\/\/api.w.org\/{rel}","templated":true}]}}