{"id":19131,"date":"2018-10-17T04:02:53","date_gmt":"2018-10-17T04:02:53","guid":{"rendered":"http:\/\/www.jogoremoto.pt\/site\/?page_id=19131"},"modified":"2023-01-12T15:56:28","modified_gmt":"2023-01-12T15:56:28","slug":"responsabilidade-social-protecao-da-privacidade-do-cliente-e-salvaguarda-da-informacao","status":"publish","type":"page","link":"https:\/\/www.jogoremoto.pt\/site\/responsabilidade-social-protecao-da-privacidade-do-cliente-e-salvaguarda-da-informacao\/","title":{"rendered":"Recomenda\u00e7\u00f5es &#8211; Prote\u00e7\u00e3o da Privacidade do Cliente e Salvaguarda da Informa\u00e7\u00e3o"},"content":{"rendered":"\n<p class=\"has-text-align-right has-vivid-red-color has-text-color has-small-font-size\"> Atualiza\u00e7\u00e3o em janeiro de 2022<\/p>\n\n\n\n<h4 id=\"jogo-seguro-e-responsavel\"><strong>JOGO SEGURO E RESPONS\u00c1VEL<\/strong><\/h4>\n\n\n\n<h5 id=\"os-operadores-de-jogo-online-deverao-introduzir-voluntariamente-um-conjunto-de-regras-e-procedimentos-para-tornar-o-jogo-seguro-e-responsavel\">Os operadores de jogo online dever\u00e3o introduzir voluntariamente um conjunto de regras e procedimentos para tornar o jogo seguro e respons\u00e1vel.<\/h5>\n\n\n\n<div style=\"height:20px\" aria-hidden=\"true\" class=\"wp-block-spacer\"><\/div>\n\n\n\n<h4 id=\"recomendacoes\">RECOMENDA\u00c7\u00d5ES<\/h4>\n\n\n\n<div class=\"wp-block-media-text alignwide is-stacked-on-mobile has-cyan-bluish-gray-background-color has-background\" style=\"grid-template-columns:22% auto\"><figure class=\"wp-block-media-text__media\"><img loading=\"lazy\" width=\"1024\" height=\"1024\" src=\"https:\/\/www.jogoremoto.pt\/site\/wp-content\/uploads\/2022\/01\/4-\u2013-Prote\u00e7\u00e3o-da-Privacidade-do-Cliente-e-Salvaguarda-da-Informa\u00e7\u00e3o-1024x1024.jpg\" alt=\"\" class=\"wp-image-23259 size-full\" srcset=\"https:\/\/www.jogoremoto.pt\/site\/wp-content\/uploads\/2022\/01\/4-\u2013-Prote\u00e7\u00e3o-da-Privacidade-do-Cliente-e-Salvaguarda-da-Informa\u00e7\u00e3o-1024x1024.jpg 1024w, https:\/\/www.jogoremoto.pt\/site\/wp-content\/uploads\/2022\/01\/4-\u2013-Prote\u00e7\u00e3o-da-Privacidade-do-Cliente-e-Salvaguarda-da-Informa\u00e7\u00e3o-300x300.jpg 300w, https:\/\/www.jogoremoto.pt\/site\/wp-content\/uploads\/2022\/01\/4-\u2013-Prote\u00e7\u00e3o-da-Privacidade-do-Cliente-e-Salvaguarda-da-Informa\u00e7\u00e3o-150x150.jpg 150w, https:\/\/www.jogoremoto.pt\/site\/wp-content\/uploads\/2022\/01\/4-\u2013-Prote\u00e7\u00e3o-da-Privacidade-do-Cliente-e-Salvaguarda-da-Informa\u00e7\u00e3o-1536x1536.jpg 1536w, https:\/\/www.jogoremoto.pt\/site\/wp-content\/uploads\/2022\/01\/4-\u2013-Prote\u00e7\u00e3o-da-Privacidade-do-Cliente-e-Salvaguarda-da-Informa\u00e7\u00e3o-2048x2048.jpg 2048w\" sizes=\"(max-width: 1024px) 100vw, 1024px\" \/><\/figure><div class=\"wp-block-media-text__content\">\n<p class=\"has-medium-font-size\">Pol\u00edtica e Procedimentos.<\/p>\n\n\n\n<p class=\"has-medium-font-size\">Salvaguarda da Informa\u00e7\u00e3o.<\/p>\n<\/div><\/div>\n\n\n\n<div style=\"height:40px\" aria-hidden=\"true\" class=\"wp-block-spacer\"><\/div>\n\n\n\n<p class=\"has-very-light-gray-color has-very-dark-gray-background-color has-text-color has-background has-medium-font-size\">POL\u00cdTICA E PROCEDIMENTOS<\/p>\n\n\n\n<p class=\"has-cyan-bluish-gray-background-color has-background has-medium-font-size\"><strong>4.1 \u2013<\/strong>&nbsp;A pol\u00edtica de privacidade dos operadores de jogo e apostas online licenciados deve declarar a informa\u00e7\u00e3o m\u00ednima necess\u00e1ria a ser recolhida, o prop\u00f3sito dessa recolha, as condi\u00e7\u00f5es nas quais a informa\u00e7\u00e3o poder\u00e1 ser divulgada e os mecanismos de controlo utilizados para prevenir a divulga\u00e7\u00e3o desnecess\u00e1ria e n\u00e3o autorizada da informa\u00e7\u00e3o.<\/p>\n\n\n\n<p class=\"has-background has-medium-font-size\" style=\"background-color:#adadad\"><strong>4.2 \u2013<\/strong>&nbsp;Os s\u00edtios de jogo e apostas online licenciados de m\u00faltiplas l\u00ednguas devem exibir a pol\u00edtica de privacidade do operador nos idiomas relevantes.<\/p>\n\n\n\n<p class=\"has-cyan-bluish-gray-background-color has-background has-medium-font-size\"><strong>4.3 \u2013<\/strong>&nbsp;Os termos e condi\u00e7\u00f5es contratuais que necessitem de aprova\u00e7\u00e3o pelos clientes durante o registo devem expressar de forma clara a pol\u00edtica de privacidade dos s\u00edtios de jogo e apostas online licenciados. O consentimento dos clientes com estes termos e condi\u00e7\u00f5es \u00e9 necess\u00e1rio para completar o registo com sucesso.<\/p>\n\n\n\n<div style=\"height:40px\" aria-hidden=\"true\" class=\"wp-block-spacer\"><\/div>\n\n\n\n<p class=\"has-very-light-gray-color has-very-dark-gray-background-color has-text-color has-background has-medium-font-size\">SALVAGUARDA DA INFORMA\u00c7\u00c3O<\/p>\n\n\n\n<p class=\"has-background has-medium-font-size\" style=\"background-color:#adadad\"><strong>4.4 \u2013<\/strong>&nbsp;Os n\u00fameros dos cart\u00f5es de cr\u00e9dito dos clientes armazenados no sistema dos operadores licenciados de jogos e apostas, devem estar protegidos de utiliza\u00e7\u00e3o n\u00e3o autorizada.<\/p>\n\n\n\n<p class=\"has-cyan-bluish-gray-background-color has-background has-medium-font-size\"><strong>4.5 \u2013<\/strong>&nbsp;Os operadores de jogo e apostas online licenciados devem dar todos os passos necess\u00e1rios para garantir que toda a informa\u00e7\u00f5es fornecida pelos clientes \u00e9 mantida atualizada e que \u00e9 fornecido o acesso \u00e0 sua informa\u00e7\u00e3o pessoal.<\/p>\n\n\n\n<p class=\"has-background has-medium-font-size\" style=\"background-color:#adadad\"><strong>4.6 \u2013<\/strong>&nbsp;Os contratos de todos os funcion\u00e1rios, dirigentes e respons\u00e1veis dos operadores de jogo e apostas online licenciados devem incluir uma cl\u00e1usula \u201cde confidencialidade\u201d proibindo a divulga\u00e7\u00e3o n\u00e3o autorizada e desnecess\u00e1ria de informa\u00e7\u00e3o sobre clientes.<\/p>\n\n\n\n<p class=\"has-vivid-red-color has-text-color\"><a href=\"http:\/\/www.jogoremoto.pt\/site\/wp-content\/uploads\/2022\/01\/Prote%C3%A7%C3%A3o-da-privacidade-do-cliente-e-salvaguarda-da-informa%C3%A7%C3%A3o-_-Observat%C3%B3rio-do-Jogo-Respons%C3%A1vel....pdf\"><img loading=\"lazy\" width=\"1024\" height=\"1024\" class=\"wp-image-10567\" style=\"width: 80px;\" src=\"https:\/\/www.jogoremoto.pt\/site\/wp-content\/uploads\/2015\/07\/PDF-icon.png\" alt=\"\" srcset=\"https:\/\/www.jogoremoto.pt\/site\/wp-content\/uploads\/2015\/07\/PDF-icon.png 1024w, https:\/\/www.jogoremoto.pt\/site\/wp-content\/uploads\/2015\/07\/PDF-icon-150x150.png 150w, https:\/\/www.jogoremoto.pt\/site\/wp-content\/uploads\/2015\/07\/PDF-icon-300x300.png 300w\" sizes=\"(max-width: 1024px) 100vw, 1024px\" \/><\/a> <strong><a href=\"http:\/\/www.jogoremoto.pt\/site\/wp-content\/uploads\/2022\/01\/Prote\u00e7\u00e3o-da-privacidade-do-cliente-e-salvaguarda-da-informa\u00e7\u00e3o-_-Observat\u00f3rio-do-Jogo-Respons\u00e1vel....pdf\">IMPRIMIR<\/a><\/strong><\/p>\n\n\n\n<div style=\"height:40px\" aria-hidden=\"true\" class=\"wp-block-spacer\"><\/div>\n\n\n\n<p class=\"has-small-font-size\"><strong>Consultas<\/strong><br>Trabalhos da Comiss\u00e3o Europeia no dom\u00ednio dos servi\u00e7os de jogo online<br>Decreto Lei n.\u00ba 66\/2015, de 29 de Abril<br>Servi\u00e7os de Regula\u00e7\u00e3o e Inspe\u00e7\u00e3o de Jogos | Turismo de Portugal<br>CEN \u2013 Comit\u00e9 Europeu de Normaliza\u00e7\u00e3o<br>European Organization for Gaming Law<br>European Gaming and Betting Association<br>European Lotteries<br>International Olympic Committee<br>Betting and Gaming Council<br>International Betting Integrity Association<br>Conselho da Europa<br>International Association of Gaming Regulators<br>e-Commerce and Online Gaming Gaming Regulations and Assurance <\/p>\n\n\n\n<div style=\"height:40px\" aria-hidden=\"true\" class=\"wp-block-spacer\"><\/div>\n\n\n\n<h3 class=\"has-text-align-center\" id=\"visite\">Visite<\/h3>\n\n\n\n<div class=\"wp-block-image is-style-default\"><figure class=\"aligncenter size-full\"><a href=\"https:\/\/www.jogoremoto.pt\/\"><img loading=\"lazy\" width=\"180\" height=\"180\" src=\"https:\/\/www.jogoremoto.pt\/site\/wp-content\/uploads\/2023\/01\/VISITE-1.jpg\" alt=\"\" class=\"wp-image-24806\" srcset=\"https:\/\/www.jogoremoto.pt\/site\/wp-content\/uploads\/2023\/01\/VISITE-1.jpg 180w, https:\/\/www.jogoremoto.pt\/site\/wp-content\/uploads\/2023\/01\/VISITE-1-300x300.jpg 300w, https:\/\/www.jogoremoto.pt\/site\/wp-content\/uploads\/2023\/01\/VISITE-1-1024x1024.jpg 1024w, https:\/\/www.jogoremoto.pt\/site\/wp-content\/uploads\/2023\/01\/VISITE-1-150x150.jpg 150w, https:\/\/www.jogoremoto.pt\/site\/wp-content\/uploads\/2023\/01\/VISITE-1-768x768.jpg 768w, https:\/\/www.jogoremoto.pt\/site\/wp-content\/uploads\/2023\/01\/VISITE-1-1536x1536.jpg 1536w, https:\/\/www.jogoremoto.pt\/site\/wp-content\/uploads\/2023\/01\/VISITE-1-2048x2048.jpg 2048w\" sizes=\"(max-width: 180px) 100vw, 180px\" \/><\/a><\/figure><\/div>\n\n\n\n<p class=\"has-text-align-right\"><div class=\"rule\"><span class=\"top\">top<\/span><\/div><\/p>\n","protected":false},"excerpt":{"rendered":"<p>Atualiza\u00e7\u00e3o em janeiro de 2022 JOGO SEGURO E RESPONS\u00c1VEL Os operadores de jogo online dever\u00e3o introduzir voluntariamente um conjunto de regras e procedimentos para tornar o jogo seguro e respons\u00e1vel. RECOMENDA\u00c7\u00d5ES Pol\u00edtica e Procedimentos. Salvaguarda da Informa\u00e7\u00e3o. POL\u00cdTICA E PROCEDIMENTOS 4.1 \u2013&nbsp;A pol\u00edtica de privacidade dos operadores de jogo e apostas online licenciados deve declarar [&hellip;]<\/p>\n","protected":false},"author":1,"featured_media":0,"parent":0,"menu_order":0,"comment_status":"closed","ping_status":"closed","template":"","meta":[],"_links":{"self":[{"href":"https:\/\/www.jogoremoto.pt\/site\/wp-json\/wp\/v2\/pages\/19131"}],"collection":[{"href":"https:\/\/www.jogoremoto.pt\/site\/wp-json\/wp\/v2\/pages"}],"about":[{"href":"https:\/\/www.jogoremoto.pt\/site\/wp-json\/wp\/v2\/types\/page"}],"author":[{"embeddable":true,"href":"https:\/\/www.jogoremoto.pt\/site\/wp-json\/wp\/v2\/users\/1"}],"replies":[{"embeddable":true,"href":"https:\/\/www.jogoremoto.pt\/site\/wp-json\/wp\/v2\/comments?post=19131"}],"version-history":[{"count":35,"href":"https:\/\/www.jogoremoto.pt\/site\/wp-json\/wp\/v2\/pages\/19131\/revisions"}],"predecessor-version":[{"id":25826,"href":"https:\/\/www.jogoremoto.pt\/site\/wp-json\/wp\/v2\/pages\/19131\/revisions\/25826"}],"wp:attachment":[{"href":"https:\/\/www.jogoremoto.pt\/site\/wp-json\/wp\/v2\/media?parent=19131"}],"curies":[{"name":"wp","href":"https:\/\/api.w.org\/{rel}","templated":true}]}}